{"id":2312,"date":"2025-12-18T14:53:53","date_gmt":"2025-12-18T14:53:53","guid":{"rendered":"https:\/\/wisme.eu\/product\/yilmaz-reduktor\/"},"modified":"2026-03-05T10:53:12","modified_gmt":"2026-03-05T10:53:12","slug":"yilmaz-reduktor","status":"publish","type":"product","link":"https:\/\/wisme.eu\/it\/prodotto\/yilmaz-reduktor\/","title":{"rendered":"Y\u0131lmaz Red\u00fckt\u00f6r"},"content":{"rendered":"<p>We Keep Thousands of Genuine OEM Parts in Stock and offer the most extensive parts inventory of any competitor. We restock our shelves daily with premium product lines. <strong>If there&#8217;s a part you need, we&#8217;ve got it.<\/strong> We offer a wide range of components modules cables and transceivers for networking and electronics with fast delivery worldwide and a 12-month warranty.<br \/>\nIf you cannot find the code or model you are looking for you can request it directly: <strong>sales@wisme.eu<\/strong> thanks to our logistics network we can source specific items on demand and deliver them straight to your address worldwide.<\/p>\n<p><strong>AVAILABLE PRODUCTS:<\/strong><\/p>\n<p>2,2 KW 400 DEVIR    MR202-100L\/4A<br \/>\n MR202-100L\/4A<br \/>\n NN473,A09,Ratio:63.70<br \/>\n NN473A09, S\/N 06\/93003<br \/>\n NV002 &#8211; 804A<br \/>\n SPARE PARTS FOR NN473A09, S\/N 06\/93003<br \/>\n EV030.00-63-4A-67D\/Dk-0.12KW<br \/>\n MV473-112M4<br \/>\n 2Y3,00T22MR473.01-(ELK2E-100L\/4b)-M1<br \/>\n EV 100 &#8211; 90- S-4-22 RPM<br \/>\n EV 080 &#8211; 80-4B-23 RPM<br \/>\n 2Y0,75T33MR173.01 \/ ELK2E-80\/4b)-M1<br \/>\n Type: EN125 00 A13<br \/>\n A12-71\/4B+AGM71\/4B obsolete, replaced by  MR173-71\/4b<br \/>\n EV063.00-71M6C<br \/>\n MR173-71M\/4<br \/>\n NR173-80\/4a<br \/>\n EV075.00-80-4B-40-B3<br \/>\n 80 B14 50.EN050.00.B08<br \/>\n RY80EN075-1<br \/>\n EN063.00.X09<br \/>\n BRK9090TGP220V<br \/>\n KR473-2E90L\/4C I:135,98<br \/>\n EN063.00.B08-I:82<br \/>\n KR102-00-90S2A + 2EL090S2A<br \/>\n NR173- 2E80M\/4B<br \/>\n EV040.00- 2E71M\/4C i: 10,5<br \/>\n EV040.00- 2E71M\/4C i: 21<br \/>\n EV063.00-71M\/4C<br \/>\n 2,2 KW 400 DEVIR    MR202-100L\/4A<br \/>\n MR202-100L\/4A<br \/>\n NN473,A09,Ratio:63.70<br \/>\n NN473A09, S\/N 06\/93003<br \/>\n NV002 &#8211; 804A<br \/>\n SPARE PARTS FOR NN473A09, S\/N 06\/93003<br \/>\n EV030.00-63-4A-67D\/Dk-0.12KW<br \/>\n MV473-112M4<br \/>\n 2Y3,00T22MR473.01-(ELK2E-100L\/4b)-M1<br \/>\n EV 100 &#8211; 90- S-4-22 RPM<br \/>\n EV 080 &#8211; 80-4B-23 RPM<br \/>\n 2Y0,75T33MR173.01 \/ ELK2E-80\/4b)-M1<br \/>\n Type: EN125 00 A13<br \/>\n A12-71\/4B+AGM71\/4B obsolete, replaced by  MR173-71\/4b<br \/>\n EV063.00-71M6C<br \/>\n MR173-71M\/4<br \/>\n NR173-80\/4a<br \/>\n EV075.00-80-4B-40-B3<br \/>\n 80 B14 50.EN050.00.B08<br \/>\n RY80EN075-1<br \/>\n EN063.00.X09<br \/>\n BRK9090TGP220V<br \/>\n KR473-2E90L\/4C I:135,98<br \/>\n EN063.00.B08-I:82<br \/>\n KR102-00-90S2A + 2EL090S2A<br \/>\n NR173- 2E80M\/4B<br \/>\n EV040.00- 2E71M\/4C i: 10,5<br \/>\n EV040.00- 2E71M\/4C i: 21<br \/>\n EV063.00-71M\/4C<br \/>\n EN100 I:82 B10 M1<br \/>\n EN050.00 B08 I:19<br \/>\n K573.00-132S4B<br \/>\n EN40.00.B06<br \/>\n RBS180<br \/>\n NL1000-01R5G4-Y<br \/>\n KR273-XO 1.5KW 40 RPM SN: 220422979<br \/>\n EN075.00-B09<br \/>\n HT0622.01R<br \/>\n EV125.X0-3E100L4C<br \/>\n EV100.X0-3E112M4D<br \/>\n EV125.X0-3E100L6B<br \/>\n KR573.00.3E112M4D<br \/>\n KR673.00.3E132M4D<br \/>\n KR673.00.3E132S4C<br \/>\n NR103 -80M4B<br \/>\n MR272 -90L4C<br \/>\n NN102.A08<br \/>\n DR272-2E80M\/4B<br \/>\n KR673-3E160M\/4C<br \/>\n MR273.3E71M\/4C<br \/>\n DR673-3E160M\/4<br \/>\n KR873-3E180M\/4C<br \/>\n MR573.3E132M\/4D<br \/>\n KR673.X3L.3E132S\/4C<br \/>\n KV573.\u04250.3E132M\/4D<br \/>\n DV373-3E90S\/4C<br \/>\n DV473.00-3E100L\/4D<br \/>\n KR273.00-90\/4<br \/>\n ET100 X3 T00<br \/>\n NR573.X-3E132S4C<br \/>\n MR273.X-3E90L4D<br \/>\n KR373.00-112\/4<br \/>\n EV040.00-71\/6<br \/>\n EV125.00-3E<br \/>\n EN050-B09-\u013050<br \/>\n MR173-80\/4b<br \/>\n NR373-132\/4<br \/>\n MR602-200 L\/4 30W<br \/>\n KN273.00.B08<br \/>\n EV060.03-100L4B<br \/>\n square fixing flange for  EV060.03-100L4B<br \/>\n KR473.00-90\/4 POZ:M1<br \/>\n 512 PULSE R3<br \/>\n DR282.03-3E90L\/4D<br \/>\n 03071E<br \/>\n 211099224\/34259<br \/>\n MR473 2.2KW 34 D\/D<br \/>\n NR173 0.55 KW 21 D\/D<br \/>\n 71M4B 0,25 KW-1425 D\/D<br \/>\n MR472  7.5 KW 220D\/D<br \/>\n EV080.00-100\/4<br \/>\n KR373 01 1.5KW 18D\/D<br \/>\n KN573-A16 POZ:M4<br \/>\n EN063.00(80\/B14)<br \/>\n EN080.00(90\/B14)<br \/>\n EN100.00(90\/B14)<br \/>\n KV573-3E112M<br \/>\n SEH100L2D-Y0-A0-000<br \/>\n 2EC071M4D-Y0-A0-000<br \/>\n MR273-100\/4<br \/>\n EV050.03-71M4C<br \/>\n EV030-G63\/4a<br \/>\n KN103.00.B07 I:38.22<br \/>\n KN103.00-B08 I:38.22<br \/>\n EV063.00.B08<br \/>\n IM.IG.RED.0246<br \/>\n EN083.00.X08<br \/>\n EV063.X3-80M6B 15D\/D<br \/>\n KT673.00<br \/>\n 71\/B14-EN050.00.B07-38-V6<br \/>\n MM03*3F3741<br \/>\n EN063.00.B09 \u0130:39 090<br \/>\n EN080.00.B09 Ratio 40<br \/>\n EV 100.00-3E90S4C<br \/>\n EN080.00-B10 I:20<br \/>\n EV080.X2-100L4B<br \/>\n ET063.00.T00 (170510308)<br \/>\n YKESE 0803<br \/>\n KN373.03.B10<br \/>\n 0,37-117-12-EV040.00-B07<br \/>\n 3EG200L4D<br \/>\n EN063 I:7,25 B08<br \/>\n EV040-2E63M\/4C<br \/>\n YSG06029080<br \/>\n KR773.04\/225-M\/4<br \/>\n BTY0623.X0R.EV125<br \/>\n EN80-00 \u0130:62 B:08<br \/>\n HT1022.01L<br \/>\n NR473-90S4B<br \/>\n 2EL090SL4B<br \/>\n NAH-80B-4 IE2<br \/>\n KR573-3E132S\/4C<br \/>\n KR773.01<br \/>\n KR273-3E90L\/4D<br \/>\n MR203-100L\/4<br \/>\n PV1602L-3E 132M\/6D<br \/>\n PV1602L-3E 160M\/6D<br \/>\n ACM80M6A<br \/>\n NR172-90L\/4<br \/>\n MR572-132M\/4<br \/>\n EL100L4D-Y3-A0-000<br \/>\n KR373 02 100LC<br \/>\n DR973.XS-225M\/4<br \/>\n DR672.00-180L\/4<br \/>\n 2EL132S2B<br \/>\n KR473.04-132S\/2<br \/>\n KN103 00 B08<br \/>\n MN273.B07<br \/>\n EV063.00-80M\/4<br \/>\n KR202.00-100\/4 POZ:M1<br \/>\n NL1000-02RG2-Y<br \/>\n KN473.00.A16 160 I:25.15<br \/>\n KN473.00.A16 160 I:76.83<br \/>\n EN063.01R-BXX<br \/>\n MR773 5.5KW 8.2 D\/D<br \/>\n EN063.00.B:09 \u0130:25<br \/>\n ET063 00 T00<br \/>\n KN473.00.A16 160 I:64.17<br \/>\n MR202-100L4B + 2EL100L4B<br \/>\n EN63.00.B08.B<br \/>\n 2EL090L4C Y3-A0-000<br \/>\n EV063-2E80M\/4B<br \/>\n MR373-3E90L\/4D<br \/>\n KR473-3E112M\/4D<br \/>\n 025-035-07\/10L3L<br \/>\n 025-047-07L3L<br \/>\n 032-08<br \/>\n AGM090L\/4 R2141 , 4710446289<br \/>\n YRE2305-ER<br \/>\n EV063.03-90L4C<br \/>\n HTE0522<br \/>\n EV030.00-63\/4B<br \/>\n 0 80 \u0130:100 EN050.00.B08<br \/>\n EN050.00.B08 (s\/n 180090714)<br \/>\n NR372.2EC112M4E<br \/>\n KR673-2E132S\/4B<br \/>\n KR673.00-132S\/4<br \/>\n DV773.00 3E160M4C<br \/>\n 3EL160M4C-FA-BA-000<br \/>\n DV573X0-112M\/4C<br \/>\n MR202.3E90L4D<br \/>\n EK040.00-63\/4<br \/>\n KR273.X2-100L\/4<br \/>\n KR002.00-3E80M4D<br \/>\n MV473-3E100l\/4D<br \/>\n YRM3395L<br \/>\n HT523.01L<br \/>\n KR273.03-80M\/6B<br \/>\n NR172-2E90S\/4B<br \/>\n NR172-80M4B<br \/>\n KR373.01R.3E90S4C<br \/>\n RY50EN050-5<br \/>\n KR283.00-90L\/4<br \/>\n 071 \u0130:39 EN063.00.B07<br \/>\n MR773-132M\/4<br \/>\n KR273.00.3E90L4D<br \/>\n MR473-3E112M\/4D<br \/>\n ET080.X0-T00<br \/>\n EN050.00.B08 080 \u0130:25<br \/>\n MR673-160M\/4<br \/>\n MT102.T00<br \/>\n MR202-90L4C<br \/>\n 2020090S<br \/>\n MV473-2E-112L\/4C<br \/>\n MV 473-A10\/2GD<br \/>\n MV 773-A18\/2GD<br \/>\n E063.03<br \/>\n KR473.00-100L\/4C<br \/>\n KR473.00.3E100L4D<br \/>\n MR102<br \/>\n MR-373 1,5 KW 29 D\/DK<br \/>\n MR373-90L\/4<br \/>\n DR403.00-90L\/4<br \/>\n Pinion reducing pinion for MR573.3E100L4D<br \/>\n Small homogenizer pinion for MR573.3E100L4D<br \/>\n Little chain for MR573.3E100L4D<br \/>\n EV063.00-71M6B<br \/>\n MR573-100L\/4<br \/>\n NR172-3E90L2C<br \/>\n DR373.00-90L\/4<br \/>\n seal for  EN030.00.B06<br \/>\n C0379 IMPELLER GEAR I:42<br \/>\n V0379-11 M.LU SCREW I:42<br \/>\n 020-030-07\/10L3<br \/>\n en040.x0-bo7<br \/>\n N040.X0-B07<br \/>\n DR273.00-100L\/4<br \/>\n EV050.00-90S\/6<br \/>\n NR002-80M\/4C<br \/>\n MR372-3E112M\/4D i, 10,8<br \/>\n KR273.00-3E90S\/4C<br \/>\n HT0723XR1<br \/>\n 190965250<br \/>\n VG320<br \/>\n HT0723.X1R<br \/>\n KR273.0S-100L\/4<br \/>\n EV050.X3-71M4C<br \/>\n 210934821<br \/>\n MR173-71M\/6<br \/>\n 2E71M6C<br \/>\n M33 080<br \/>\n EN040.00.607<br \/>\n MR272.X-SEL112MDE<br \/>\n MN202.B10<br \/>\n DV603.00-112M\/6<br \/>\n DV573.00-100L\/4<br \/>\n ET125.00.T00<br \/>\n MR 203-\u0417\u041590L\/4\u0430<br \/>\n EN0139587<br \/>\n E040.01<br \/>\n KR673.01-180M\/4<br \/>\n KR373.00-132S\/2<br \/>\n DR272.00-100L\/4<br \/>\n DR272<br \/>\n EN063.00+NR001<br \/>\n KR573.X0 3E132M\/4D<br \/>\n KR473 X0 132S4B<br \/>\n KR673 00 160ML4C<br \/>\n KR673 00 3E180L4D<br \/>\n EN040.00.B07<br \/>\n KR273.00-90L\/4<br \/>\n NL1000-01R5G2-Y<br \/>\n KN873.X0.A16<br \/>\n EN030.X0-B05<br \/>\n EN030.01-B05<br \/>\n 874-132-S\/4 5,5 KW<br \/>\n 137 DRN 132 S4<br \/>\n 1PN010000-0055<br \/>\n NR172-100L\/2<br \/>\n 2EL100L4C<br \/>\n KR283.X2-100L4C<br \/>\n 2EL090L4C-Y2-AA-000<br \/>\n 2EL090S4B-Y0-AA-000<br \/>\n F5711<br \/>\n SEL112MDE-Y2-05-000<br \/>\n KR573.X2-132M\/4C<br \/>\n EV100.00 -100L\/4D<br \/>\n EN080.00.A09<br \/>\n KR273.00-80\/6<br \/>\n MR373-80M\/4<br \/>\n EN100.02.B10<br \/>\n EN050.00.B08 080 \u0130:38<br \/>\n EN063.00-A09<br \/>\n 2E71M4C<br \/>\n EN050.00.B08 i:9.5<br \/>\n ET080.X2.T00<br \/>\n TT572.0K.T00<br \/>\n EN050.01.B08<br \/>\n EN050.00B07<br \/>\n EN030.00.B06<br \/>\n KR573<br \/>\n MR373<br \/>\n Ev080 x2<br \/>\n EV040 G63 4B<br \/>\n KR373.00-100L\/4<br \/>\n DR573.00-100L\/4<br \/>\n 3E100L4C<br \/>\n closing cap for EN040 00 B07<br \/>\n GN02*2030-045-07\/10L3L  030-045-07\/10L3L<br \/>\n MN102.00.B09<br \/>\n N050.00.B07<br \/>\n HTE1222.0EXR<br \/>\n NV173.00-71\/4<br \/>\n NN173-A07<br \/>\n MR203.00-90\/4<br \/>\n 150.110.12,75.EV063.F4.B09.L02<br \/>\n EN030.00.B06-42-B3<br \/>\n KR773.00 160L\/4 15KW 36D<br \/>\n AGM090L\/4 R2141<br \/>\n MR173-80M\/4C<br \/>\n MR173-80M\/4<br \/>\n MR173-80\/4<br \/>\n MR273-80\/4 M3 POZ<br \/>\n NR172-90L\/2<br \/>\n EV063.00-90D4B<br \/>\n For 2EC071M4D-Y0-50-000\u3000bracket<br \/>\n For 2EL080M4B-Y0-50-000\u3000Self-cooling fan<br \/>\n EN040.00.B07<br \/>\n MN282\u2013A..90\/B5<br \/>\n MN 283-90\/B5<br \/>\n EV050.00-80M\/4B DL<br \/>\n EN080.X0.A09XX<br \/>\n KR57301-132 M4<br \/>\n KR 373 100 L<br \/>\n KR 473 132 S<br \/>\n KR37300-112M4<br \/>\n KR47300-132S\/4<br \/>\n MR473132S\/4<br \/>\n KR473 7,5KW<br \/>\n EN040.X1.X06<br \/>\n EN050.00.B08 M1<br \/>\n E63.00.EN50.B80<br \/>\n 4KW-NR 573 50 D\/DK<br \/>\n 1203.K.0L-AXX<br \/>\n shaft for Gear box p\/n P11-0L.13.1<br \/>\n EN063.00.B08<br \/>\n EN100.00.B10<br \/>\n EV063.00-80M6B-X<br \/>\n EN050.00.B07 Ratio: 19<br \/>\n Type: EN040.00.B07<br \/>\n RV350.4K-160M\/4<br \/>\n EV050.00-80\/6b<br \/>\n 090 TYP: 63.70  NN473.NEMA B05<br \/>\n NR573-132M4C  S\/N:101106931 same with NR573.00-132M4C<br \/>\n NR573.00-132M4C<br \/>\n KR002.03-80M\/4C<br \/>\n KR573.00-132M\/4<br \/>\n DR573.00-132M\/4<br \/>\n NR172-90L\/2<br \/>\n Junction box for NR173-80\/4a<br \/>\n EN080.00.B09<br \/>\n KN473.00.A16<br \/>\n ENO80X3XXX<br \/>\n EN050.X3.A06\/2GD<br \/>\n MV237 not available, available MN273-A09X<br \/>\n MN273-A09X<br \/>\n ET040.00.T00<br \/>\n EV050.00-80M\/4<br \/>\n EN100.00.A10<br \/>\n EV100.00-100L\/4<br \/>\n MR672-3E180L\/4D<br \/>\n EV040.00-63M\/4<br \/>\n EN040.00B06<br \/>\n TT282.00<br \/>\n EN063.X0.B09<br \/>\n EN040 X3 XXX<br \/>\n EN050.00-B08<br \/>\n EN063.00.B08<br \/>\n MN573.A10<br \/>\n NR003-71M\/4<br \/>\n KR202-2E90L\/4C<br \/>\n EV080.00-100L4B<br \/>\n EN050.00-B08<br \/>\n EN030.00-B06\u0130<br \/>\n EN040.00-B07<br \/>\n 2EL112M4C<br \/>\n EV063.04-90L\/4C<br \/>\n PN1202L.0K-A09<br \/>\n KR673.00-132M\/4C<br \/>\n KR673.00-160L\/4C<br \/>\n KR673.00-160M\/4B<br \/>\n KR573.00-132M\/4C<br \/>\n KR573.00-160M\/4B<br \/>\n KR573.00-132S\/4B<br \/>\n KR373,00<br \/>\n FKFBI 160M\/6T-FOL<br \/>\n EN050.00-B08 (2EN050B081095000)<br \/>\n NN473-.A09<br \/>\n KV873H22100168A000T4<br \/>\n 2Y30,0T109DR672.00-(ELK2E-200L\/4)-M1<br \/>\n MR-MV472-3E132S\/4C not available\/available MR472.01 and MV472.01B13<br \/>\n MR-MV372-3E112M\/4D not available\/available MR372.01 and MV372.01B13<br \/>\n MR-MV202-2E90S\/4B not available\/available MV202.01B13<br \/>\n MR472.01<br \/>\n MV472.01B13<br \/>\n MR372.01<br \/>\n MV372.01B13<br \/>\n MV202.01B13<br \/>\n YSG0401107H18<br \/>\n NV572.00-3E132M\/4D\n<\/ul>\n<h5><em><strong>Important:<\/strong><\/em><br \/>\nOur company is not an official dealer or the manufacturer of the brands listed on this website. All brand names trademarks and logos are the property of their respective owners and are used solely for product identification purposes.<\/h5>\n<div class=\"\"brand_and_country\"\">\n<h3>Your Reliable Supplier for %title%<\/h3>\n<p><span style=\"\"font-size: 16px;\"\">Are you searching for original <\/span>%title% <span style=\"\"font-size: 16px;\"\">products? At <\/span>WISME<span style=\"\"font-size: 16px;\"\"> , we offer a wide range of industrial solutions, including . As an independent supplier, we provide original %title%<\/span><span style=\"\"font-size: 16px;\"\">\u00a0equipment at competitive prices to meet the diverse needs of businesses across the United Kingdom.<\/span><\/p>\n<\/div>\n<div class=\"\"descr\"\">\n<h3>Why Choose %title% ?<\/h3>\n<p>%title% is renowned for its high-quality and efficient industrial equipment, widely used in manufacturing and production sectors. From to other essential industrial components, %title%\u00a0offers solutions that enhance efficiency and reliability.<\/p>\n<h3>Advantages of Shopping with WISME<\/h3>\n<p>By choosing\u00a0<strong>WISME<\/strong> as your supplier, you gain access to a broad range of products without the limitations of official distribution channels. This allows us to offer better prices, faster delivery, and personalised service worldwide.<\/p>\n<h2>Our Range of Accuenergy Products<\/h2>\n<p>We have a wide selection of %title%\u00a0products suitable for various industrial applications. Whether you need\u00a0or other specialised equipment, our inventory is designed to support the operational efficiency of your business.<\/p>\n<h2>Serving Worldwide<\/h2>\n<p>No matter where your business is located,\u00a0<strong>WISME<\/strong> is committed to providing you with the %title%\u00a0products you need. Our efficient distribution network enables us to deliver promptly worldwide.<\/p>\n<h2>Contact Us for %title% products<\/h2>\n<p>Ready to purchase %title%\u00a0products or need more information? Contact us today. You can call us at\u00a0<em><strong>+39 339 4627858 <\/strong><\/em>\u00a0or send an email to\u00a0<em><strong>sales@wisme.eu<\/strong><\/em><\/p>\n<p>Our expert team is ready to help you find the perfect solutions for your industrial needs.<\/p>\n<h2>Request a Quote<\/h2>\n<p>For customised pricing and product information, please get in touch with us. We are dedicated to providing solutions tailored to your specific requirements.<\/p>\n<h2>Disclaimer<\/h2>\n<p><strong>WISME<\/strong> is an independent supplier of %title%\u00a0products and is not affiliated with or authorised by the official distributor. All trademarks and brand names are the property of their respective owners.<\/p>\n<h3><\/h3>\n<h3><\/h3>\n<h3>Frequently Asked Questions:<\/h3>\n<hr \/>\n<p>Who is the official distributor or seller of %title%?<\/p>\n<p>While we are not the official distributor or seller of %title%, we source our products from reliable channels and offer you original %title% equipment at competitive prices.<\/p>\n<hr \/>\n<p>Where can I buy %title%<strong>\u00a0<\/strong>products?<\/p>\n<p>You can purchase %title%<strong>\u00a0<\/strong>products from Wisme for fast delivery and trusted Industrial spare parts supply.<\/p>\n<hr \/>\n<p>How can I access %title% product catalogues, user manuals, technical documents, and PDFs?<\/p>\n<p>You can access catalogues, user manuals, and technical documents for %title%\u00a0products on our website or get in touch with our customer care for more details.<\/p>\n<hr \/>\n<p>Do you provide warranty for %title%\u00a0products?<\/p>\n<p>We provide Wisme Limited 12 Months Warranty<\/p>","protected":false},"excerpt":{"rendered":"<p>Original <strong>%title%<\/strong> spare parts. Fast shipping &amp; Best Price Guaranteed. Contact us to get a quick quote. The high quality parts you need.<\/p>\n<p><strong>CONTACT US:<\/strong><\/p>\n<div class='fluentform ff-default fluentform_wrapper_1 ffs_default_wrap'>\n<form data-form_id=\"1\" id=\"fluentform_1\" class=\"frm-fluent-form fluent_form_1 ff-el-form-top ff_form_instance_1_1 ff-form-loading ffs_default\" data-form_instance=\"ff_form_instance_1_1\" method=\"POST\" >\n<fieldset  style=\"border: none!important;margin: 0!important;padding: 0!important;background-color: transparent!important;box-shadow: none!important;outline: none!important; min-inline-size: 100%;\">\n<legend class=\"ff_screen_reader_title\" style=\"display: block; margin: 0!important;padding: 0!important;height: 0!important;text-indent: -999999px;width: 0!important;overflow:hidden;\">Contact Form Prodotti<\/legend>\n<p style=\"display: none !important;\" class=\"akismet-fields-container\" data-prefix=\"ak_\"><label>&#916;<textarea name=\"ak_hp_textarea\" cols=\"45\" rows=\"8\" maxlength=\"100\"><\/textarea><\/label><input type=\"hidden\" id=\"ak_js_1\" name=\"ak_js\" value=\"243\"\/><script>document.getElementById( \"ak_js_1\" ).setAttribute( \"value\", ( new Date() ).getTime() );<\/script><\/p>\n<p><input type='hidden' name='__fluent_form_embded_post_id' value='2312' \/><input type=\"hidden\" id=\"_fluentform_1_fluentformnonce\" name=\"_fluentform_1_fluentformnonce\" value=\"e152eb5ac1\" \/><input type=\"hidden\" name=\"_wp_http_referer\" value=\"\/it\/wp-json\/wp\/v2\/product\/2312\" \/><\/p>\n<div data-type=\"name-element\" data-name=\"names\" class=\" ff-field_container ff-name-field-wrapper\" >\n<div class='ff-t-container'>\n<div class='ff-t-cell '>\n<div class='ff-el-group'>\n<div class=\"ff-el-input--label asterisk-right\"><label for='ff_1_names_first_name_' id='label_ff_1_names_first_name_' >Name<\/label><\/div>\n<div class='ff-el-input--content'><input type=\"text\" name=\"names[first_name]\" id=\"ff_1_names_first_name_\" class=\"ff-el-form-control\" placeholder=\"First Name\" aria-invalid=\"false\" aria-required=false><\/div>\n<\/div>\n<\/div>\n<\/div>\n<\/div>\n<div class='ff-el-group'>\n<div class=\"ff-el-input--label ff-el-is-required asterisk-right\"><label for='ff_1_email' id='label_ff_1_email' aria-label=\"Email\">Email<\/label><\/div>\n<div class='ff-el-input--content'><input type=\"email\" name=\"email\" id=\"ff_1_email\" class=\"ff-el-form-control\" placeholder=\"Email Address\" data-name=\"email\"  aria-invalid=\"false\" aria-required=true><\/div>\n<\/div>\n<div class='ff-el-group'>\n<div class=\"ff-el-input--label ff-el-is-required asterisk-right\"><label for='ff_1_message' id='label_ff_1_message' aria-label=\"Your Message\">Your Message<\/label><\/div>\n<div class='ff-el-input--content'><textarea aria-required=\"true\" aria-labelledby=\"label_ff_1_message\" name=\"message\" id=\"ff_1_message\" class=\"ff-el-form-control\" placeholder=\"Your Message\" rows=\"4\" cols=\"2\" data-name=\"message\" ><\/textarea><\/div>\n<\/div>\n<div class='ff-el-group ff-text-left ff_submit_btn_wrapper'><button type=\"submit\" class=\"ff-btn ff-btn-submit ff-btn-md ff_btn_style\"  aria-label=\"Send\">Send<\/button><\/div>\n<\/fieldset>\n<\/form>\n<div id='fluentform_1_errors' class='ff-errors-in-stack ff_form_instance_1_1 ff-form-loading_errors ff_form_instance_1_1_errors'><\/div>\n<\/div>\n<p>            <script type=\"text\/javascript\">\n                window.fluent_form_ff_form_instance_1_1 = {\"id\":\"1\",\"ajaxUrl\":\"https:\\\/\\\/wisme.eu\\\/wp-admin\\\/admin-ajax.php\",\"settings\":{\"layout\":{\"labelPlacement\":\"top\",\"helpMessagePlacement\":\"with_label\",\"errorMessagePlacement\":\"inline\",\"cssClassName\":\"\",\"asteriskPlacement\":\"asterisk-right\"},\"restrictions\":{\"denyEmptySubmission\":{\"enabled\":false}}},\"form_instance\":\"ff_form_instance_1_1\",\"form_id_selector\":\"fluentform_1\",\"rules\":{\"names[first_name]\":{\"required\":{\"value\":false,\"message\":\"This field is required\",\"global\":false,\"global_message\":\"This field is required\"}},\"names[middle_name]\":{\"required\":{\"value\":false,\"message\":\"This field is required\",\"global\":false,\"global_message\":\"This field is required\"}},\"names[last_name]\":{\"required\":{\"value\":false,\"message\":\"This field is required\",\"global\":false,\"global_message\":\"This field is required\"}},\"email\":{\"required\":{\"value\":true,\"message\":\"This field is required\",\"global\":false,\"global_message\":\"This field is required\"},\"email\":{\"value\":true,\"message\":\"This field must contain a valid email\",\"global\":false,\"global_message\":\"This field must contain a valid email\"}},\"message\":{\"required\":{\"value\":true,\"message\":\"This field is required\",\"global\":false,\"global_message\":\"This field is required\"}}},\"debounce_time\":300};\n                            <\/script><\/p>\n","protected":false},"featured_media":562,"comment_status":"open","ping_status":"closed","template":"","meta":[],"product_brand":[],"product_cat":[33],"product_tag":[],"class_list":{"0":"post-2312","1":"product","2":"type-product","3":"status-publish","4":"has-post-thumbnail","6":"product_cat-uncategorized","7":"has-post-title","8":"has-post-date","9":"has-post-category","10":"has-post-tag","11":"has-post-comment","12":"has-post-author","13":"","15":"first","16":"instock","17":"shipping-taxable","18":"product-type-simple"},"_links":{"self":[{"href":"https:\/\/wisme.eu\/it\/wp-json\/wp\/v2\/product\/2312","targetHints":{"allow":["GET"]}}],"collection":[{"href":"https:\/\/wisme.eu\/it\/wp-json\/wp\/v2\/product"}],"about":[{"href":"https:\/\/wisme.eu\/it\/wp-json\/wp\/v2\/types\/product"}],"replies":[{"embeddable":true,"href":"https:\/\/wisme.eu\/it\/wp-json\/wp\/v2\/comments?post=2312"}],"version-history":[{"count":1,"href":"https:\/\/wisme.eu\/it\/wp-json\/wp\/v2\/product\/2312\/revisions"}],"predecessor-version":[{"id":11542,"href":"https:\/\/wisme.eu\/it\/wp-json\/wp\/v2\/product\/2312\/revisions\/11542"}],"wp:featuredmedia":[{"embeddable":true,"href":"https:\/\/wisme.eu\/it\/wp-json\/wp\/v2\/media\/562"}],"wp:attachment":[{"href":"https:\/\/wisme.eu\/it\/wp-json\/wp\/v2\/media?parent=2312"}],"wp:term":[{"taxonomy":"product_brand","embeddable":true,"href":"https:\/\/wisme.eu\/it\/wp-json\/wp\/v2\/product_brand?post=2312"},{"taxonomy":"product_cat","embeddable":true,"href":"https:\/\/wisme.eu\/it\/wp-json\/wp\/v2\/product_cat?post=2312"},{"taxonomy":"product_tag","embeddable":true,"href":"https:\/\/wisme.eu\/it\/wp-json\/wp\/v2\/product_tag?post=2312"}],"curies":[{"name":"wp","href":"https:\/\/api.w.org\/{rel}","templated":true}]}}