{"id":4637,"date":"2025-12-18T15:51:50","date_gmt":"2025-12-18T15:51:50","guid":{"rendered":"https:\/\/wisme.eu\/product\/knoll\/"},"modified":"2026-03-05T11:44:59","modified_gmt":"2026-03-05T11:44:59","slug":"knoll","status":"publish","type":"product","link":"https:\/\/wisme.eu\/it\/prodotto\/knoll\/","title":{"rendered":"KNOLL"},"content":{"rendered":"<p>We Keep Thousands of Genuine OEM Parts in Stock and offer the most extensive parts inventory of any competitor. We restock our shelves daily with premium product lines. <strong>If there&#8217;s a part you need, we&#8217;ve got it.<\/strong> We offer a wide range of components modules cables and transceivers for networking and electronics with fast delivery worldwide and a 12-month warranty.<br \/>\nIf you cannot find the code or model you are looking for you can request it directly: <strong>sales@wisme.eu<\/strong> thanks to our logistics network we can source specific items on demand and deliver them straight to your address worldwide.<\/p>\n<p><strong>AVAILABLE PRODUCTS:<\/strong><\/p>\n<p>118347<br \/>\n 14164<br \/>\n 2001.<br \/>\n 2-X<br \/>\n 3001..<br \/>\n 3-Z<br \/>\n 67491   KTS32<br \/>\n 86182<br \/>\n 96739<br \/>\n 97142<br \/>\n ALLURE<br \/>\n DICHTUNGSSATZ<br \/>\n FKA\/150<br \/>\n KTS 20-48-T<br \/>\n 14032 \/ KTS 25-38-T<br \/>\n KTS 25-38-T-A-G-KB<br \/>\n KTS 25-50 T Schraubenspindelpumpe  als Hochdruckpumpe  Ausstattung\/Ausf\u00fchrung:  &#8211; nur Pumpenk\u00f6rper  &#8211; Tauchausf\u00fchrung  &#8211; Farbe unlackiert  &#8211; Beschilderung deutsch<br \/>\n KTS 25-50-T<br \/>\n KTS 25-50-T (MIT MOTOR)<br \/>\n KTS 25-50-T2<br \/>\n KTS 25-50-T5-KB  old code, KTS 25-50-T-KB new code<br \/>\n KTS 25-50-TL5-A-KB<br \/>\n 25-60-T-G-KB<br \/>\n Pumpenk\u00f6rper 25-60-T<br \/>\n KTS 25-60-T Material-Nr.: 14031<br \/>\n KTS 25-60-T-KB<br \/>\n 47374<br \/>\n 48073<br \/>\n tg 40-36\/30 533-0-0-0-1-0-0-0-0-3<br \/>\n TG40-36\/15-285<br \/>\n TSK 40-11\/30 806-1-1-0-0-0-0-0-1-1<br \/>\n 702209<br \/>\n ST 90L S2<br \/>\n TG40 36\/22 285<br \/>\n KTS 32-64-T-G-KB<br \/>\n Type ST80C2<br \/>\n TG 40-52\/22 533-0-0-0-1-0-0-0-0-3<br \/>\n PI8445 DRG 60<br \/>\n Pump overhaul parts for KTS25-38-T-5.5KW-2P-200V<br \/>\n KTS50100T5AKB<br \/>\n KTS 32-48-T (200833126)<br \/>\n TG 40-52<br \/>\n KTS 25-60-T 408408<br \/>\n Rotor for KTS 25-60-T<br \/>\n 610 48802 JL1040<br \/>\n MTR20-7\/5A-W-A-HQQV<br \/>\n MTR20<br \/>\n AMHE100L AA2 IEC60034<br \/>\n KTS-32-64-F5-A-G-KB<br \/>\n TG40 \/ 4317<br \/>\n KTS 25-60-T \/ 201136437<br \/>\n KTS 50-74T<br \/>\n MX50R<br \/>\n KTS 50-74-T \/ 200619631<br \/>\n Kts 40-6-t-kb : 1469468-220<br \/>\n Impeller Kunststoff,o95mm<br \/>\n KTS 25-60-F-G<br \/>\n KTS 25-50-T-A-G-KB-H-B<br \/>\n 70 210 493<br \/>\n TYPE KTS 25-50-T-G \/ P\/N:12127<br \/>\n screw pump 32-48-T Type&#8211;KTS32-48T\/<br \/>\n Bearing cover for KTS 40-80-T-KB<br \/>\n Carbide bushing for KTS 40-80-T-KB<br \/>\n BS 40-30\/22 S0 AB01-3-0<br \/>\n TG40-07\/15 285<br \/>\n Turbine for ST 90S C2<br \/>\n KTS 25-60-T\/ 291826<br \/>\n AX15EA-025 Q2Q2V1F1F1<br \/>\n LAM-PET-74\/700<br \/>\n TSL 40-05\/22-195<br \/>\n Exchange kit KTS 32-64-T<br \/>\n KTS 25-50-T-G \/ 12127<br \/>\n TG 40-55\/22 533-1-0-0-1-0-0-0-1-0<br \/>\n 18274<br \/>\n AMHE 90LCA2 2900-3350 D\/DAK<br \/>\n 2042338<br \/>\n MM-1100-PPESF70-102X80<br \/>\n 14523 \/ KTS 32-64-T<br \/>\n TG 30-04\/07 533-1-0-0-1-0-0-0-1-0 \/412407<br \/>\n TG 30-34\/11 533-1-0-0-1-0-0-0-1-0 \/NR: 403840<br \/>\n KTS 25-38-T5-KB repair kit<br \/>\n KTS 25-38-T5-KB Ceramic guide bushing<br \/>\n KTS 25-60-T \/ 14031<br \/>\n 512275 \/ eMG12\/28-G6 Q7Q7XVGG<br \/>\n R-AMPH90LBA2<br \/>\n KTS 25-38-T5-KB 18<br \/>\n KTS-25-60-T (nr. 200520553)<br \/>\n KTS 25-38-T-KB 2003466<br \/>\n TG 40-36\/22 533-1-0-0-0-0-0-0-0-0<br \/>\n KTS 25-50-T-G-KB<br \/>\n KTS 25-60-T-A-KB<br \/>\n TG 40-55\/22 285<br \/>\n Spare part for TG40-52\/30533 \/201321732<br \/>\n KTS 20-50-F5-G-KB<br \/>\n TF 40-95\/22 330-1-0-1-0-1-0-0-0-1<br \/>\n KTS 25-60-T-A-G-KB<br \/>\n TG 40-36\/22 285-0-0-0-1-0-0-0-0-0<br \/>\n TG 50-20\/40 440-0-0-0-1-0-0-0-0-0<br \/>\n KTS32-48-T-KB<br \/>\n ST 90L52<br \/>\n TG30-24\/15 533-1-1-0-1-0-0-0-0-0<br \/>\n TG 30-24\/15 781-1-1-0-1-0-0-0-0-0<br \/>\n LAM-PET-150\/700<br \/>\n KTS 50-100-T-A-G-KB-B<br \/>\n TS 40-21\/30 586-1-1-0-0-1-0-0-0-0<br \/>\n 420766<br \/>\n seal  for tg31-85\/05200<br \/>\n impeller for tg31-85\/05200<br \/>\n 464228<br \/>\n 186828 \/ PI3730-015\/PIS3115-5,0-M12<br \/>\n TL-3,0KW-UL\/KL<br \/>\n TS 40-21\/30 586-0-1-0-0-1-0-0-0-0<br \/>\n SP50-200<br \/>\n DR90 S\/2 P<br \/>\n guide ring for KTS 25-50-T-KB<br \/>\n KTS 25-50-T-KB (1550323\/97400)<br \/>\n KTS 25-60-T3-KB<br \/>\n ST 80 C2<br \/>\n TG 30-44\/07 533-0-0-0-1-0-0-0-0-0<br \/>\n TG 40-10\/22 285 640952<br \/>\n 78274- PIS3092-5,0bar<br \/>\n TG 40-36\/22 285-1-0-0-1-0-0-0-0-1<br \/>\n TG 40-36\/22 781-1-1-0-1-0-0-0-0-0<br \/>\n 444028<br \/>\n 166880<br \/>\n Replacement set KTS 25-38-T<br \/>\n Exchange kit KTS 25-38-T<br \/>\n propeller rotor TG40<br \/>\n MX20-S-15\/20<br \/>\n AMHE 90L CA2 1064522 07 14<br \/>\n 201431124<br \/>\n KTS 25-60-T5-KB<br \/>\n KTS 25-60-T S\/N 354687<br \/>\n screw pump 32-48-T  Type&#8211;KTS32-48T\/<br \/>\n TG 40-42\/22 533-1-0-0-1-0-0-0-0-0<br \/>\n MPH90BA2A-49927<br \/>\n TG 25-80\/40 828<br \/>\n PW100\/100-710<br \/>\n CU15-PNTTA<br \/>\n TG 40-36\/30 533 -SW<br \/>\n TG 40-36\/30 533-0-0-0-1-0-0-0-0-0<br \/>\n wheel for TG 40-52\/30 533-0-0-0-1-0-0-0-0 \/\/ 2179022<br \/>\n 4328 \/ TG 40<br \/>\n KS25-50T<br \/>\n KTS 32-48-T-G-KB<br \/>\n KTS 32-76-T<br \/>\n HF 500\/4000<br \/>\n chamber for KTS 50-100T<br \/>\n shaft for KTS 50-100T<br \/>\n O-ring kit for KTS 50-100T<br \/>\n TG 50-35\/55 550<br \/>\n KTS 50-100-T<br \/>\n APMH 100L AA2 CC 046A<br \/>\n impeller for \tAPMH 100L AA2 CC 046A<br \/>\n complete motor  for APMH 100L AA2 CC 046A<br \/>\n KTS 25-38-T-G<br \/>\n gasket kit KTS 25-T<br \/>\n 176318<br \/>\n KTS 25-50-T4 KB<br \/>\n TAL 901\/450+001<br \/>\n TSK 50-30\/40 495<br \/>\n 77053<br \/>\n KTS 40-96-TL5-A-KB<br \/>\n KTS 40-96-T-A-G-KB-B<br \/>\n Type: 92-2&#8243;<br \/>\n Type: 533-2&#8243;-400<br \/>\n KTS 25-50-T &#8211; 7.5 kW<br \/>\n 25-50-T<br \/>\n TG40 152mm<br \/>\n TG 40-55\/30 533-1-0-0-1-0-0-0-1-0<br \/>\n 25-50-T-KB<br \/>\n TG 40 &#8211; Plastic impeller<br \/>\n KTS 40-60-T-A-KB<br \/>\n KTS 40-60-T-G-KB<br \/>\n KTS 25-50-T without electric motor<br \/>\n MPH90BA2A-49865<br \/>\n TG 40-36\/22 285-1-0-0-1-0-0-0-0-0<br \/>\n TG40-52\/22 285<br \/>\n TG 40-52\/30 285-1-0-0-1-0-0-0-0-0<br \/>\n fan for ST90LS2<br \/>\n KTS 25-38-T\/ 2003458<br \/>\n 130501<br \/>\n 233203<br \/>\n TG 40<br \/>\n KTS 40-80<br \/>\n 25-38-T-KB<br \/>\n 546444 \/ BS 40-30\/22 S0 A0-3-0<br \/>\n BS 40-10\/22 S0 AB01-3-13<br \/>\n MG12\/28-G6<br \/>\n 40-60-T-G-KB<br \/>\n KTS 40-60-1<br \/>\n Typ KF 400<br \/>\n FKA2250<br \/>\n PT300x196,20,25,132<br \/>\n ROTEX 28<br \/>\n Exchange kit KTS 25-38-T-G<br \/>\n AMPH 90L BA2 CC 046A \/1742627<br \/>\n 50-120-T-A-G-KB-B<br \/>\n KTS25-34T<br \/>\n 176315<br \/>\n TG 40-36\/30 533-1-0-0-0-0-0-0-0-0<br \/>\n 240 S-1 \/ 435824<br \/>\n TG 40 4318<br \/>\n KTS 25-38-T-G-KB<br \/>\n Exchange kit KTS 25-38-T-KB<br \/>\n Screw pump 25-38-T-KB<br \/>\n KTS 25-50-T-KB<br \/>\n type: KTS-32-64-T, s\/n 21598<br \/>\n lid for SAL 901\/450-61 +024<br \/>\n propeller for\tSAL 901\/450-61 +024<br \/>\n KTS50-120<br \/>\n SPB-H-32<br \/>\n 4DESA2GK-F03840<br \/>\n 4LAAX1SC-F04106<br \/>\n 4LARA0GS-F04803<br \/>\n KST 50-74-T<br \/>\n KTS 32-76-T5-A-G-KB<br \/>\n KTS25-50-F-G\/3.2<br \/>\n BS 50-35\/40 S1-40\/607228<br \/>\n TG-40-55\/22 285-1-0-0-1-0-0-0-0-0<br \/>\n TG40-28\/15285<br \/>\n TG 30-14\/22 553-1-0-0-1-0-0-0-1-0<br \/>\n AMPH 90L BA2 CC 046A \/ 1678033<br \/>\n MX20S-25\/10<br \/>\n TG 30-54\/11 533-0-0-0-1-0-0-0-0-0<br \/>\n KTS 25-50-F5-G-KB<br \/>\n TF 40-95\/22 330-0-0-0-1-0-0-0-0-0<br \/>\n 10853<br \/>\n 50342<br \/>\n 108539(5006)<br \/>\n 47738A<br \/>\n 47437<br \/>\n P\/N :  201118884, Type : TG 40<br \/>\n P\/N: 32-48-T-A-G-KB-B , Type: KTS 32-48-T-A-G-KB-B<br \/>\n PW70\/70-710<br \/>\n TG 50-20\/40 440 P00-B0 A0-0-0<br \/>\n KTS 25-50-T-KB \/ 97400<br \/>\n KTS-25-38-T3-KB<br \/>\n Impeller for TL 40-160\/1,5<br \/>\n TG 40-36\/22 533-1-0-0-1-0-0-0-0-0<br \/>\n impeller for TG 40<br \/>\n KF 400\/FKA 950<br \/>\n KTS 32-48-T<br \/>\n old PN KTS 32-48-F5-G-KB \/ new pn KTS 32-48-T-G-KB<br \/>\n 4319  Typ TG40<br \/>\n TG 40-10\/22 285-0-0-0-1-0-0-0-0-0<br \/>\n AM 80Z AA2<br \/>\n KTS 20-30-T-G<br \/>\n TG 40-20\/30 285-1-0-0-1-0-0-0-0-0<br \/>\n KF 400\/1800<br \/>\n AM100L AA2  \/ IEC60034 3-Mot 444658<br \/>\n TG 40-52\/22 533-0-0-0-1-0-0-0-0-0<br \/>\n p\/n: TG40\/TF40 type: 27774<br \/>\n 176317<br \/>\n Filter fleece for KBF 452\/500<br \/>\n MPH10AA2A-49722<br \/>\n B=710mm,L=80m,40\u03bcm<br \/>\n AMPH100LAA2<br \/>\n Replacement kit  KTS 25-50-T<br \/>\n KTS 40-60-T<br \/>\n TG 40-42\/30 285-1-0-0-1-0-0-0-0-0<br \/>\n KTS 25-60-T<br \/>\n KTS 32-48-T5-KB<br \/>\n 10740<br \/>\n PRODUCT-SDE AXIAL DACE SEAL FOR MX20S 30\/20<br \/>\n PACKING GLAND RING\/ROTARY SHAFT SEAL FOR MX20S 30\/20<br \/>\n SHAFT GUARD SLEEVE FOR MX20S 30\/20<br \/>\n ATMOSPHERE-SIDE AXIAL FACE SEAL FOR MX20S 30\/20<br \/>\n ATMOSPHERE-SIDE AXIAL FACE SEAL O-RNG FOR MX20S 30\/20<br \/>\n 48484<br \/>\n 48092<br \/>\n 48200<br \/>\n 50362<br \/>\n 32-48-T-KB<br \/>\n 47759<br \/>\n KTS 25-38-T<br \/>\n Body pomp for KTS 25-60T<br \/>\n KTS 25-50-T without motor<br \/>\n KTS 32-48-T-G<br \/>\n TG 40 \/ 4319<br \/>\n Impeller TG 30 \/ 22525<br \/>\n old code KTS 40-80-T5-KB, new code KTS 40-80-T-KB<br \/>\n TG25-68\/22590<br \/>\n TG31-00\/05550<br \/>\n 264844<br \/>\n TG 25-79\/22 345<br \/>\n TG 40-20\/15 285-1-0-0-1-0-0-0-0-0<br \/>\n Filtervlies B=710mm,L=50m,20\u00b5m<br \/>\n KTS-25-60-T<br \/>\n KTSV50-100<br \/>\n PW70\/70-390<br \/>\n 25-38-T-A-G-KB<br \/>\n PW150\/150-390<br \/>\n 32-64-T-A-G-KB-B Typ KTS 32-64-T-A-G-KB-B<br \/>\n ET2<br \/>\n ET2L<br \/>\n KTS 25-50-T-A-G-KB \/ 97403<br \/>\n 413743 &#8211; 32-64-T-A-G-KB-B<br \/>\n TG50-42\/40840<br \/>\n TG40-55\/30285<br \/>\n TG40-28\/40480<br \/>\n TG 50-35\/55 880 P00-B0 A0-0-0<br \/>\n KTS 20-30-T<br \/>\n old code TYP TG40-10\/22285, new code TG 40-10\/22 285-1-0-1-1-1-0-0-0-0<br \/>\n TG 40-10\/22 285-1-0-1-1-1-0-0-0-0<br \/>\n 7078<br \/>\n 176319<br \/>\n TG 30-34\/22 781-1-1-0-1-0-0-0-0-0<br \/>\n KTS 25-50-F-G<br \/>\n KTS 25-60-T-G-KB<br \/>\n KTS 25-50-T-G<br \/>\n KTS-40-96-T5-KB<br \/>\n KTS 40-96-T-KB<br \/>\n KTS 40-80 P=5<br \/>\n KTS 25-38-T5-KB<br \/>\n 25-50-T-G-KB<br \/>\n bearing cap A-side for AMHE100LAA2<br \/>\n KTS 25-60-T\/200317030<br \/>\n 4319\/ TG40<br \/>\n 327779207 KTS 32-64-T<br \/>\n \u041a\u0422\u0421 40-80-\u0422-\u0410-\u041a\u0411<br \/>\n KTS 40-80-T-A-KB (2075662)<br \/>\n P\/N: 412649 Typ: TG 40-36\/22 285-1-0-0-1-0-0-0-0-0<br \/>\n KTS 20-30 T<br \/>\n Type TG40<br \/>\n TG50-10\/40 840-0-0-0-0-0-0-0-0-0<br \/>\n TG 50-20\/40 880 P00-B0 A0-0-0<br \/>\n Verrohrung Adapter Druckabgang<br \/>\n item for pump  KTS 25-38-F-G<br \/>\n KTS 25-38-F-G<br \/>\n 408641, Type: Austauschsatz KTS 25-38-T-G<br \/>\n PW70\/70-540<br \/>\n AX15EA-025 Q2Q2V1F1F1 AX15EA-025<br \/>\n KTS 32-48-T5-G-KB<br \/>\n 32-48-T-G-KB<br \/>\n TS40-21\/30 338-1-1-00-1-00-30<br \/>\n TG 40-52\/22 285-1-0-0-1-0-0-0-0-0<br \/>\n AM 80Z AA2 IEC60034 NO. 496031<br \/>\n AMHE90LCA2<br \/>\n 125464<br \/>\n KTS 25-50-T-A-G-KB<br \/>\n S-1<br \/>\n ETPB040-040-140GGI01D200222B<br \/>\n Austauschsatz KTS 50-100-T-G-KB<br \/>\n Austauschsatz KTS 50-74-T-G-KB<br \/>\n 1M3\/H-70BAR-4KW-2900TR\/MIN-400V-IE3<br \/>\n KTS 50-100-T-G-KB<br \/>\n 237016<br \/>\n KTS 50-74-T-G-KB<br \/>\n Material-Nr.: 1201<br \/>\n Material-Nr.: 1202<br \/>\n KTS 25-50-T 7,5kW, IE3<br \/>\n 145819(Typ PI8545DRG.100)<br \/>\n BS06-82\/D06LA4-ST\/MG<br \/>\n KTS 25-50-T-A-KB<br \/>\n KTS 25-38-T-A-KB<br \/>\n PN100\/100-710<br \/>\n PN100\/100-710 (QUANTITY 12 ROLLS)<br \/>\n PI8430 DRG 60<br \/>\n Model :KTS 32-64-F-G<br \/>\n KTS 25-60-T-G<br \/>\n TG 30-44\/11 285-0-0-0-1-0-0-0-0-0<br \/>\n KTS 40-80-T<br \/>\n KTS 40-80-T-KB<br \/>\n TG 40-52\/22 533-1-0-0-1-0-0-0-0-0<br \/>\n TG40 ( Laufrad \u00f8152,POM)<br \/>\n Type KTS 32-48-T<br \/>\n KTS-50-100-T5-G-KB old code, new code: KTS 50-100-T-G-KB<br \/>\n Fan for TG40-36\/22285 obsolete, replaced by Laufrad \u00f8136,POM<br \/>\n ACRK4-100\/10A-S<br \/>\n Laufrad \u00f8136,POM<br \/>\n L\u00fcfterhaube 1,5-2,2kW,LAFERT-AEG<br \/>\n 407696<br \/>\n TL-0,75KW-UL\/KL<br \/>\n TG30<br \/>\n TG 40-42\/15 285-1-0-0-1-0-0-0-0-0<br \/>\n KTS-50-100-T5-A-G-KB obsolete, replacement KTS 50-100-T-A-G-KB<br \/>\n 409029<br \/>\n KTS 50-100-T-A-G-KB<br \/>\n TG40  Laufrad \u00f8142,POM<br \/>\n KTS-25-38-T-G<br \/>\n KTS-25-38-T<br \/>\n Typ: TF 40-95\/22 578-0-0-0-1-0-0-0-0-0<br \/>\n Typ: KTS 25-50-T-A-G-KB<br \/>\n Typ: TG 40-52\/30 285-1-0-0-1-0-0-0-0-0<br \/>\n Ceramic sleeve for KTS 25-38-T-KB<br \/>\n TG50-20\/55 840<br \/>\n TG 32-86\/55 400-1-1-0-0-0-0-0-0-1 &#8211; obsolete, alternative &#8211; Type: MTR20-7\/4A-W-A-HQQV<br \/>\n Fan for ST100L C2  N:182658<br \/>\n Type: MTR20-7\/4A-W-A-HQQV<br \/>\n Type: MTR20  (Mat.Nr. 452848)<br \/>\n MTR20-7\/&#8230;<br \/>\n KF220<br \/>\n 210507<br \/>\n 165758<br \/>\n 121924<br \/>\n 199007<br \/>\n KTS25-60 7.5 HP<br \/>\n 32-64-T-G-KB<br \/>\n 2,2KW-UL\/KL<br \/>\n KTS 60-90-T-A-G-KB<br \/>\n KTS 25-38-T-KB (ganze Pumpe)<br \/>\n 25-50-T-A-KB<br \/>\n 165758 ,  EW40\/10<br \/>\n KTS 32-64-T-G<br \/>\n TG 40-52\/30 285-1-0-1-1-1-0-0-0-0<br \/>\n Austauschsatz KTS 60-90-T-A-G-KB<br \/>\n Pumpenk\u00f6rper 25-60-T-G-KB<br \/>\n 117785 old code, new code LAM-PET-150<br \/>\n F60 (5675)<br \/>\n LAM-PET-150<br \/>\n 25-38-T-A-G-KB-H<br \/>\n KTS 50-74-T-G<br \/>\n KTS 32-64-T<br \/>\n 340 K-1\/300<br \/>\n KTSV 32-48<br \/>\n KTSV 20-30<br \/>\n 222841<br \/>\n motor for KTSV 20-30<br \/>\n TG32-02\/75700<br \/>\n TG32-09\/75400<br \/>\n TG40-10\/15533<br \/>\n 403417<br \/>\n TG40-42\/15285<br \/>\n TG 40-55\/22 285-0-0-0-1-0-0-0-0-0<br \/>\n TG40-55\/30353<br \/>\n TG 40-55\/30 533-0-0-0-1-0-0-0-0-0<br \/>\n TG50-20\/40480<br \/>\n TG50-28\/40480<br \/>\n TH45\/540<br \/>\n TL141\/580<br \/>\n Typ: 340 K-1\/300<br \/>\n TYP: TG40-20\/22285<br \/>\n Repair Kit for Pump KTS 32-48-F-G  REPLACED BY KTS 32-48-T-G<br \/>\n (16969) Typ: SSP\/3-K Schwimmerschalter Jola Wechsler Quecksilberfrei  1 m Anschlu\u00df  Kabell\u00e4nge 1m -\u00f6lfest<br \/>\n (93418) Typ: 3276-044-127 (43650)  Drucksensor  Index,-1bis+3bar,G1\/4&#8243;,24V  Heavy Duty,-1bis+3bar,G1\/4&#8243;24V<br \/>\n KTS 40-60-T-KB<br \/>\n F02F.507.170 AM 80ZAA2<br \/>\n TF 40-80\/07330 (70 410 520)<br \/>\n TG 40-42\/30533 (70 410 520)<br \/>\n F02F.507.152 TG20-70\/02220 REPLACED BY TG 20-71\/03220 (258049)<br \/>\n TG 20-71\/03220 (258049)<br \/>\n KTS 32-48-F-G<br \/>\n KTS 32-64-F5-G-KB<br \/>\n KTS 40-60-F-G<br \/>\n KTS 40-80-T-G<br \/>\n KTS 50-120-T5-A-G-KB<br \/>\n KTS 50-120-T-G-KB<br \/>\n KTS 50-120-T5-G-KB<br \/>\n KTS 50-74-T5-G-KB<br \/>\n KTS 60-90-T5-A-G-KB<br \/>\n KTS VERSION T<br \/>\n KTS 25-38-T-KB \/\/ 97399<br \/>\n KTS-25-50-T<br \/>\n KTS25-60-F5-G-KG REPARATURSET<br \/>\n KTS32-64-T5-A-KB<br \/>\n KTS40-60-T<br \/>\n TA 250\/440<br \/>\n TF40-**\/30578<br \/>\n TF40-05\/22330<br \/>\n TF-40-130<br \/>\n TF40-85\/15 578<br \/>\n TF40-85\/15330<br \/>\n TG 30-44\/11 533<br \/>\n TG 40-10\/15533\n<\/ul>\n<h5><em><strong>Important:<\/strong><\/em><br \/>\nOur company is not an official dealer or the manufacturer of the brands listed on this website. All brand names trademarks and logos are the property of their respective owners and are used solely for product identification purposes.<\/h5>\n<div class=\"\"brand_and_country\"\">\n<h3>Your Reliable Supplier for %title%<\/h3>\n<p><span style=\"\"font-size: 16px;\"\">Are you searching for original <\/span>%title% <span style=\"\"font-size: 16px;\"\">products? At <\/span>WISME<span style=\"\"font-size: 16px;\"\"> , we offer a wide range of industrial solutions, including . As an independent supplier, we provide original %title%<\/span><span style=\"\"font-size: 16px;\"\">\u00a0equipment at competitive prices to meet the diverse needs of businesses across the United Kingdom.<\/span><\/p>\n<\/div>\n<div class=\"\"descr\"\">\n<h3>Why Choose %title% ?<\/h3>\n<p>%title% is renowned for its high-quality and efficient industrial equipment, widely used in manufacturing and production sectors. From to other essential industrial components, %title%\u00a0offers solutions that enhance efficiency and reliability.<\/p>\n<h3>Advantages of Shopping with WISME<\/h3>\n<p>By choosing\u00a0<strong>WISME<\/strong> as your supplier, you gain access to a broad range of products without the limitations of official distribution channels. This allows us to offer better prices, faster delivery, and personalised service worldwide.<\/p>\n<h2>Our Range of Accuenergy Products<\/h2>\n<p>We have a wide selection of %title%\u00a0products suitable for various industrial applications. Whether you need\u00a0or other specialised equipment, our inventory is designed to support the operational efficiency of your business.<\/p>\n<h2>Serving Worldwide<\/h2>\n<p>No matter where your business is located,\u00a0<strong>WISME<\/strong> is committed to providing you with the %title%\u00a0products you need. Our efficient distribution network enables us to deliver promptly worldwide.<\/p>\n<h2>Contact Us for %title% products<\/h2>\n<p>Ready to purchase %title%\u00a0products or need more information? Contact us today. You can call us at\u00a0<em><strong>+39 339 4627858 <\/strong><\/em>\u00a0or send an email to\u00a0<em><strong>sales@wisme.eu<\/strong><\/em><\/p>\n<p>Our expert team is ready to help you find the perfect solutions for your industrial needs.<\/p>\n<h2>Request a Quote<\/h2>\n<p>For customised pricing and product information, please get in touch with us. We are dedicated to providing solutions tailored to your specific requirements.<\/p>\n<h2>Disclaimer<\/h2>\n<p><strong>WISME<\/strong> is an independent supplier of %title%\u00a0products and is not affiliated with or authorised by the official distributor. All trademarks and brand names are the property of their respective owners.<\/p>\n<h3><\/h3>\n<h3><\/h3>\n<h3>Frequently Asked Questions:<\/h3>\n<hr \/>\n<p>Who is the official distributor or seller of %title%?<\/p>\n<p>While we are not the official distributor or seller of %title%, we source our products from reliable channels and offer you original %title% equipment at competitive prices.<\/p>\n<hr \/>\n<p>Where can I buy %title%<strong>\u00a0<\/strong>products?<\/p>\n<p>You can purchase %title%<strong>\u00a0<\/strong>products from Wisme for fast delivery and trusted Industrial spare parts supply.<\/p>\n<hr \/>\n<p>How can I access %title% product catalogues, user manuals, technical documents, and PDFs?<\/p>\n<p>You can access catalogues, user manuals, and technical documents for %title%\u00a0products on our website or get in touch with our customer care for more details.<\/p>\n<hr \/>\n<p>Do you provide warranty for %title%\u00a0products?<\/p>\n<p>We provide Wisme Limited 12 Months Warranty<\/p>","protected":false},"excerpt":{"rendered":"<p>Original <strong>%title%<\/strong> spare parts. Fast shipping &amp; Best Price Guaranteed. Contact us to get a quick quote. The high quality parts you need.<\/p>\n<p><strong>CONTACT US:<\/strong><\/p>\n<div class='fluentform ff-default fluentform_wrapper_1 ffs_default_wrap'>\n<form data-form_id=\"1\" id=\"fluentform_1\" class=\"frm-fluent-form fluent_form_1 ff-el-form-top ff_form_instance_1_1 ff-form-loading ffs_default\" data-form_instance=\"ff_form_instance_1_1\" method=\"POST\" >\n<fieldset  style=\"border: none!important;margin: 0!important;padding: 0!important;background-color: transparent!important;box-shadow: none!important;outline: none!important; min-inline-size: 100%;\">\n<legend class=\"ff_screen_reader_title\" style=\"display: block; margin: 0!important;padding: 0!important;height: 0!important;text-indent: -999999px;width: 0!important;overflow:hidden;\">Contact Form Prodotti<\/legend>\n<p style=\"display: none !important;\" class=\"akismet-fields-container\" data-prefix=\"ak_\"><label>&#916;<textarea name=\"ak_hp_textarea\" cols=\"45\" rows=\"8\" maxlength=\"100\"><\/textarea><\/label><input type=\"hidden\" id=\"ak_js_1\" name=\"ak_js\" value=\"129\"\/><script>\ndocument.getElementById( \"ak_js_1\" ).setAttribute( \"value\", ( new Date() ).getTime() );\n<\/script>\n<\/p>\n<p><input type='hidden' name='__fluent_form_embded_post_id' value='4637' \/><input type=\"hidden\" id=\"_fluentform_1_fluentformnonce\" name=\"_fluentform_1_fluentformnonce\" value=\"f5b0181ff9\" \/><input type=\"hidden\" name=\"_wp_http_referer\" value=\"\/it\/wp-json\/wp\/v2\/product\/4637\" \/><\/p>\n<div data-type=\"name-element\" data-name=\"names\" class=\" ff-field_container ff-name-field-wrapper\" >\n<div class='ff-t-container'>\n<div class='ff-t-cell '>\n<div class='ff-el-group'>\n<div class=\"ff-el-input--label asterisk-right\"><label for='ff_1_names_first_name_' id='label_ff_1_names_first_name_' >Name<\/label><\/div>\n<div class='ff-el-input--content'><input type=\"text\" name=\"names[first_name]\" id=\"ff_1_names_first_name_\" class=\"ff-el-form-control\" placeholder=\"First Name\" aria-invalid=\"false\" aria-required=false><\/div>\n<\/div>\n<\/div>\n<\/div>\n<\/div>\n<div class='ff-el-group'>\n<div class=\"ff-el-input--label ff-el-is-required asterisk-right\"><label for='ff_1_email' id='label_ff_1_email' aria-label=\"Email\">Email<\/label><\/div>\n<div class='ff-el-input--content'><input type=\"email\" name=\"email\" id=\"ff_1_email\" class=\"ff-el-form-control\" placeholder=\"Email Address\" data-name=\"email\"  aria-invalid=\"false\" aria-required=true><\/div>\n<\/div>\n<div class='ff-el-group'>\n<div class=\"ff-el-input--label ff-el-is-required asterisk-right\"><label for='ff_1_message' id='label_ff_1_message' aria-label=\"Your Message\">Your Message<\/label><\/div>\n<div class='ff-el-input--content'><textarea aria-required=\"true\" aria-labelledby=\"label_ff_1_message\" name=\"message\" id=\"ff_1_message\" class=\"ff-el-form-control\" placeholder=\"Your Message\" rows=\"4\" cols=\"2\" data-name=\"message\" ><\/textarea><\/div>\n<\/div>\n<div class='ff-el-group ff-text-left ff_submit_btn_wrapper'><button type=\"submit\" class=\"ff-btn ff-btn-submit ff-btn-md ff_btn_style\"  aria-label=\"Send\">Send<\/button><\/div>\n<\/fieldset>\n<\/form>\n<div id='fluentform_1_errors' class='ff-errors-in-stack ff_form_instance_1_1 ff-form-loading_errors ff_form_instance_1_1_errors'><\/div>\n<\/div>\n<p>            <script type=\"text\/javascript\">\n                window.fluent_form_ff_form_instance_1_1 = {\"id\":\"1\",\"ajaxUrl\":\"https:\\\/\\\/wisme.eu\\\/wp-admin\\\/admin-ajax.php\",\"settings\":{\"layout\":{\"labelPlacement\":\"top\",\"helpMessagePlacement\":\"with_label\",\"errorMessagePlacement\":\"inline\",\"cssClassName\":\"\",\"asteriskPlacement\":\"asterisk-right\"},\"restrictions\":{\"denyEmptySubmission\":{\"enabled\":false}}},\"form_instance\":\"ff_form_instance_1_1\",\"form_id_selector\":\"fluentform_1\",\"rules\":{\"names[first_name]\":{\"required\":{\"value\":false,\"message\":\"This field is required\",\"global\":false,\"global_message\":\"This field is required\"}},\"names[middle_name]\":{\"required\":{\"value\":false,\"message\":\"This field is required\",\"global\":false,\"global_message\":\"This field is required\"}},\"names[last_name]\":{\"required\":{\"value\":false,\"message\":\"This field is required\",\"global\":false,\"global_message\":\"This field is required\"}},\"email\":{\"required\":{\"value\":true,\"message\":\"This field is required\",\"global\":false,\"global_message\":\"This field is required\"},\"email\":{\"value\":true,\"message\":\"This field must contain a valid email\",\"global\":false,\"global_message\":\"This field must contain a valid email\"}},\"message\":{\"required\":{\"value\":true,\"message\":\"This field is required\",\"global\":false,\"global_message\":\"This field is required\"}}},\"debounce_time\":300};\n                            <\/script><\/p>\n","protected":false},"featured_media":4636,"comment_status":"open","ping_status":"closed","template":"","meta":[],"product_brand":[],"product_cat":[33],"product_tag":[],"class_list":{"0":"post-4637","1":"product","2":"type-product","3":"status-publish","4":"has-post-thumbnail","6":"product_cat-uncategorized","7":"has-post-title","8":"has-post-date","9":"has-post-category","10":"has-post-tag","11":"has-post-comment","12":"has-post-author","13":"","15":"first","16":"instock","17":"shipping-taxable","18":"product-type-simple"},"_links":{"self":[{"href":"https:\/\/wisme.eu\/it\/wp-json\/wp\/v2\/product\/4637","targetHints":{"allow":["GET"]}}],"collection":[{"href":"https:\/\/wisme.eu\/it\/wp-json\/wp\/v2\/product"}],"about":[{"href":"https:\/\/wisme.eu\/it\/wp-json\/wp\/v2\/types\/product"}],"replies":[{"embeddable":true,"href":"https:\/\/wisme.eu\/it\/wp-json\/wp\/v2\/comments?post=4637"}],"version-history":[{"count":1,"href":"https:\/\/wisme.eu\/it\/wp-json\/wp\/v2\/product\/4637\/revisions"}],"predecessor-version":[{"id":13191,"href":"https:\/\/wisme.eu\/it\/wp-json\/wp\/v2\/product\/4637\/revisions\/13191"}],"wp:featuredmedia":[{"embeddable":true,"href":"https:\/\/wisme.eu\/it\/wp-json\/wp\/v2\/media\/4636"}],"wp:attachment":[{"href":"https:\/\/wisme.eu\/it\/wp-json\/wp\/v2\/media?parent=4637"}],"wp:term":[{"taxonomy":"product_brand","embeddable":true,"href":"https:\/\/wisme.eu\/it\/wp-json\/wp\/v2\/product_brand?post=4637"},{"taxonomy":"product_cat","embeddable":true,"href":"https:\/\/wisme.eu\/it\/wp-json\/wp\/v2\/product_cat?post=4637"},{"taxonomy":"product_tag","embeddable":true,"href":"https:\/\/wisme.eu\/it\/wp-json\/wp\/v2\/product_tag?post=4637"}],"curies":[{"name":"wp","href":"https:\/\/api.w.org\/{rel}","templated":true}]}}