{"id":8066,"date":"2026-01-19T12:16:07","date_gmt":"2026-01-19T12:16:07","guid":{"rendered":"https:\/\/wisme.eu\/product\/technor\/"},"modified":"2026-03-05T12:52:05","modified_gmt":"2026-03-05T12:52:05","slug":"technor","status":"publish","type":"product","link":"https:\/\/wisme.eu\/it\/prodotto\/technor\/","title":{"rendered":"TECHNOR"},"content":{"rendered":"<p>We Keep Thousands of Genuine OEM Parts in Stock and offer the most extensive parts inventory of any competitor. We restock our shelves daily with premium product lines. <strong>If there&#8217;s a part you need, we&#8217;ve got it.<\/strong> We offer a wide range of components modules cables and transceivers for networking and electronics with fast delivery worldwide and a 12-month warranty.<br \/>\nIf you cannot find the code or model you are looking for you can request it directly: <strong>sales@wisme.eu<\/strong> thanks to our logistics network we can source specific items on demand and deliver them straight to your address worldwide.<\/p>\n<p><strong>AVAILABLE PRODUCTS:<\/strong><\/p>\n<p>13\/130019-010<br \/>\n ZBWE101<br \/>\n 13104676   TECH ZBWE102<br \/>\n A040571  (Evde 4 IM B 250)<br \/>\n A042125 -IIB+H2 (FL 40 IM)<br \/>\n A042600 (EVF-P 218)<br \/>\n A050504 (GEV 4)<br \/>\n A430003 (FSR 3 20 230 50)<br \/>\n A430105 (FPR 3 20 230 50)<br \/>\n BASE FOR ZBWE-161<br \/>\n D8925110 (PLG 2 M25X1.5)<br \/>\n DE8BCC00000A-U (EJB 8)<br \/>\n DE8BCD00000A-U (EJB 9)<br \/>\n DE8BCG00000A-U (EJB 13A)<br \/>\n ZBWV1<br \/>\n PUSH BUTTON FOR ZBWE-161<br \/>\n TYPE : XCW   CE 0080 EX 112 GD<br \/>\n XA WG13[ENG]<br \/>\n XAWG1636 (TNUP 361609)<br \/>\n XAWG341[ENG] English labels (XAWE34)<br \/>\n XAWP04UDES1<br \/>\n XAWP8272<br \/>\n XAWP8272 9 ENG<br \/>\n XAWP8272[ENG]<br \/>\n XAWP882<br \/>\n XAWP9413[ZBW]<br \/>\n XAWP9421<br \/>\n B090100S00472 XAWP9422<br \/>\n XAWP-ZB5AS54<br \/>\n XCKWD2102P16 (1117406)<br \/>\n ANT04RBP450   TEH-ANN001-000<br \/>\n ANT04RBP450   TEH-ANN001-000   dr. ref. nr. A522.1    A552.3<br \/>\n B011000S00113<br \/>\n ZBWE F-16430   INERIS 02ATEX9007U<br \/>\n 09\/10877502<br \/>\n XAWP06ESMMMM1<br \/>\n B090603000017<br \/>\n XCWD41F2L10<br \/>\n 12301512-25892- E-XD-002<br \/>\n CERTIFICATE OF ORIGIN CCI ATTESTED<br \/>\n XC8-JC10511P14I<br \/>\n 20A B090603000020<br \/>\n XLW4BV033 + ZBWV3<br \/>\n XLW4BV053 + ZBWV1<br \/>\n XBW8MV4M<br \/>\n lamp<br \/>\n XCWD2111L1 EX<br \/>\n XBW8MV4B<br \/>\n B028BL0000049<br \/>\n A04I122659001<br \/>\n XAWP8373<br \/>\n CPC26\/EFDCN-P<br \/>\n B1307.000029<br \/>\n B090601040033 + B090601040030  XBW4BL45<br \/>\n B090601040002  XBW4BP21S<br \/>\n 276.18<br \/>\n ZCWE24<br \/>\n B090601030001<br \/>\n B090601030002<br \/>\n ZBWV LED Module 13247589<br \/>\n B1310.000201<br \/>\n XAWP06UDLR0ES1<br \/>\n XAW-L5 + ZB8MV0107<br \/>\n B090603000010<br \/>\n B012074010114<br \/>\n FSR 3-20-230-50<br \/>\n FPR 3-20-230-50<br \/>\n 00500700<br \/>\n B1303.000300   TYPE: PLD 30 PILOT LIGHT<br \/>\n B130700029000<br \/>\n B1302.000100 Type: PLA-10 PUSH BUTTON<br \/>\n B040I12265901<br \/>\n B040I12265902<br \/>\n B090601000014<br \/>\n B090602000005<br \/>\n PL-02-WHITE<br \/>\n PL-02-RED<br \/>\n PL-02   green<br \/>\n B090602040001<br \/>\n B130700100000<br \/>\n B090601000015<br \/>\n B090601000016<br \/>\n XC8   04\/00906-01<br \/>\n A601102010015<br \/>\n 100813811<br \/>\n ZBWE 0080 (II 2 G D)<br \/>\n TNCN 151510<br \/>\n TNAE151510<br \/>\n XAWP8272 SV ENG<br \/>\n B090100S00470<br \/>\n ELB F-351<br \/>\n JBD-1231601<br \/>\n pneumatic cylinder for TCH 1522B<br \/>\n XAWP9413<br \/>\n F-395.PA\/230\/1700<br \/>\n F-250.50-4\/000\/1800<br \/>\n CPSX26\/M<br \/>\n 2ELE-BTP-0011ET<br \/>\n B130700099000<br \/>\n B090601000004<br \/>\n XBW-E101<br \/>\n XW4BV033<br \/>\n XW4BV043<br \/>\n PSRC-D220<br \/>\n B090602000026<br \/>\n B090602000016<br \/>\n B090601000005<br \/>\n B090601000006<br \/>\n B090603000016<br \/>\n B090603000013<br \/>\n AQ-252612P<br \/>\n B090601040003  XBW4BP31S<br \/>\n B090601040011  XBW4BP42S<br \/>\n C010111100001<br \/>\n C070700000014<br \/>\n C070700000002<br \/>\n C070800040005<br \/>\n XBW5AD21<br \/>\n XAWZ3<br \/>\n XAWP682<br \/>\n XAWP682 9<br \/>\n XAWP882 9<br \/>\n XAWP882 SV<br \/>\n XAWP682 SV<br \/>\n XCKWMR54D2H29<br \/>\n F.F-351<br \/>\n XCKWM2106H29<br \/>\n XBW5AP31<br \/>\n XBW5AP21<br \/>\n XBW5AP41<br \/>\n XBW5AD33<br \/>\n XBW8MV3V5<br \/>\n XBW8MV4V5<br \/>\n XCWD2110L1<br \/>\n TEAZBWE101<br \/>\n P\/N: B1301.514005   Type: XBW4BG21<br \/>\n P\/N: B1307.000369   Type: ZBWE101<br \/>\n XAWG003784<br \/>\n TR2182043<br \/>\n XLW4BV033<br \/>\n XLW4BV043<br \/>\n PLD10<br \/>\n A021441800002   G2X-218 -EX NA- 2X18W<br \/>\n ZBWE1121<br \/>\n B090601040003<br \/>\n B08A315121312<br \/>\n B140101101111<br \/>\n RMS-560-02   P\/N: A0201311411<br \/>\n EB-236 (EX-D)-22050\/60HZ (A500923600001)<br \/>\n A500923600001  EB-236 (EX-D) &#8211; 220\/240V 50\/60HZ<br \/>\n A020143610003  RMS-560-02\/PNL -EX DE- 2X36W<br \/>\n 11\/118514-01<br \/>\n CTL FST 8PB XAWP8272<br \/>\n XCRF171<br \/>\n XAWP08002608 SV<br \/>\n A027714<br \/>\n XAWP04003125<br \/>\n XAW-P \/ No. 14\/134774-010<br \/>\n XBW5AP21S<br \/>\n B090602000027<br \/>\n B090602000011<br \/>\n XAWP94MD<br \/>\n ZBWV3<br \/>\n XCWD4116L5<br \/>\n TNCN Type: 121009 old code\/ B011043010149 new code<br \/>\n PAP-1\/A2B3 old code\/ C010111100001 new code<br \/>\n A027712<br \/>\n A027611<br \/>\n XBW5AS8342-XAWP<br \/>\n XAWP08UDLRFR0ES2 SV<br \/>\n B090601040049<br \/>\n B011043010149<br \/>\n ZBWE102<br \/>\n ZCWE01<br \/>\n ZCWY12<br \/>\n TNFCD3G111<br \/>\n B016Y12117935<br \/>\n B130322200001<br \/>\n B130260200021<br \/>\n XC8JC161P1<br \/>\n B090603000022<br \/>\n B090602000030<br \/>\n XAWP08UDLRFR21<br \/>\n XAW-G ( 04\/01903-01)<br \/>\n XAWG8DMGD03AU<br \/>\n XAWG8DMGD03AU ( with 2 more contacts)<br \/>\n AR-2<br \/>\n AR-4<br \/>\n XBW4BS8445<br \/>\n XAWP94SC<br \/>\n XAWP92SC<br \/>\n TNXD130<br \/>\n PSRC-220 \/ B090603000015<br \/>\n ZBWE-161 (N.O.)<br \/>\n ZBWE-162 (N.C.)<br \/>\n TNCC 121009+XBW5AS542+ZBWE102+A.1800.21<br \/>\n LSA001725EAU0<br \/>\n XBW4BP31<br \/>\n XBW4BP42<br \/>\n XBW4BS142<br \/>\n ZBWE1111<br \/>\n XC8-JC10111P11C<br \/>\n A04H121AW1K1D<br \/>\n XBW4BA31<br \/>\n XC8JC10131P11C<br \/>\n CPSC26-EFDCN-P<br \/>\n C97-00801M0005- REV 2<br \/>\n C97-00801M0014-REV 2<br \/>\n AVF EB218S<br \/>\n PWE-400<br \/>\n A501300000016<br \/>\n C07-00140M0001-GLASS<br \/>\n PLB-20\/A027615<br \/>\n CPSC 26\/EFSRC-D-220<br \/>\n CPSC 26\/EFDCN-D-220<br \/>\n CPSG26\/EFDCN-PPLL<br \/>\n ETH-12-MD\/24<br \/>\n PLA-30\/A027613<br \/>\n B028Y12119545<br \/>\n A-58-61<br \/>\n CPS26\/EFDCN-PPLL<br \/>\n A500400000024<br \/>\n Typ. X-20-06 NO: EFDCN-21<br \/>\n EVF-P 218<br \/>\n B130260300021<br \/>\n B130700030000<br \/>\n B130312200001<br \/>\n B090602000006<br \/>\n XAWP94VV<br \/>\n 12\/124835-050<br \/>\n B090601040029<br \/>\n ZB8MD03 SAV<br \/>\n TEAXAWG504<br \/>\n XC8JC161P14I<br \/>\n XAWG504<br \/>\n ZBWE102 \u2013 1NC<br \/>\n XCWF110<br \/>\n XCWD21F0L1<br \/>\n B1304.002200<br \/>\n B1310.000600<br \/>\n XAWJ21<br \/>\n XAWD33<br \/>\n B090601000010<br \/>\n B090603000015<br \/>\n A027618<br \/>\n XBW5AJ21<br \/>\n ZC1BF0102<br \/>\n ZC1BF0102 SAV<br \/>\n XAWP 8272   IP66<br \/>\n XLW4BP4832<br \/>\n XBW4BD21<br \/>\n XBW4BG41<br \/>\n XLW4BV013<br \/>\n XLW4BV053<br \/>\n ZCWD21L5<br \/>\n ZB8-MD 1  same as ZB8MD01 SAV<br \/>\n ZB8-MD 3 same as ZB8MD03 SAV<br \/>\n P\/N: XAW-P<br \/>\n XAWP16ESFRUDLR1.2<br \/>\n XLW5AV013<br \/>\n XLW5AV043<br \/>\n XLW5AV033<br \/>\n XAW-P04\/01262-01<br \/>\n XAWP0824MUD01<br \/>\n F-16430 ZBWV<br \/>\n XAWP08UDLRFRHS11<br \/>\n B090602040010<br \/>\n A054452<br \/>\n XCKWJ2161H29<br \/>\n XCKWJ2161H29 (  cable entry for \u00d88 to 13mm cable)<br \/>\n Cable for XCWD2115L1<br \/>\n XAW-P 17\/149942-010<br \/>\n XCW<br \/>\n XCWD2115L1<br \/>\n XCKWJ210559H29<br \/>\n ZBWE-101 (lth: 6A)<br \/>\n ZBWE-102 (lth: 6A)<br \/>\n ZBWE-101 (lth:10A)<br \/>\n ZBWE-102 (lth: 10A)<br \/>\n 51060650<br \/>\n 51060663<br \/>\n 51060664<br \/>\n XCWD2102L5<br \/>\n XCWD4102L10<br \/>\n XAWP672[ENG] English labels<br \/>\n XAWP4272<br \/>\n XBW5AP42<br \/>\n ZB8MD01 SAV<br \/>\n PSRC-C-220<br \/>\n 04\/01416-01<br \/>\n 04\/01262-01<br \/>\n XCWD2102L2<br \/>\n XAWP08MDGDAAM0<br \/>\n XAWP08MDGDAAMES1<br \/>\n XCWD4102L5<br \/>\n XCWD410L5<br \/>\n XCWD41F0L5<br \/>\n P\/N: 119476  Type: CES-I-AR-M-C04-U10-119476<br \/>\n XAWP6271<br \/>\n XBW5AS<br \/>\n ZBWE-1611<br \/>\n A042600<br \/>\n A054552<br \/>\n XAWP52325057<br \/>\n ZCWE02<br \/>\n XBW5AS8442-XAWP<br \/>\n ZB8MA4<br \/>\n ZC1BF0103<br \/>\n ZC1BF0105<br \/>\n ZB8MA2<br \/>\n ZC1BF0101<br \/>\n ZB8MA02 SAV<br \/>\n ZC1BF0101 SAV<br \/>\n ZB8MA04 SAV<br \/>\n ZC1BF0103 SAV<br \/>\n ZC1BF0105 SAV<br \/>\n ZB8MT4<br \/>\n B090100S00057<br \/>\n XBW4BS8442<br \/>\n ZBWE101 + XAWP9411 &#8220;Mont\u00e9e&#8221;<br \/>\n ZBWE101 + XAWP9412  &#8220;Descente&#8221;<br \/>\n ZBWE101 + XAWP9411  &#8220;Droite&#8221;<br \/>\n ZBWE101 + XAWP9412 &#8220;Gauche&#8221;<br \/>\n ZBWE101 + XAWP9411 &#8220;Avant&#8221;<br \/>\n ZBWE101 + XAWP9412 &#8220;Arri\u00e8re&#8221;<br \/>\n ZBWE101 + ZBWE101 + ZA2BD3  &#8220;PV-0-GV&#8221;<br \/>\n ZBWE102 + ZA2BS44 &#8220;Arr\u00eat d&#8221;urgence&#8221;<br \/>\n XAWP08UDLRFR3ES1<br \/>\n XBW4BA21<br \/>\n XC8JC161P11C<br \/>\n ZB8-MV103+ZE8-MV10<br \/>\n ZB8-MV104+ZE8-MV10<br \/>\n ZB8-MA2+ZC1-BF0101<br \/>\n XBW5ASE442<br \/>\n XC8-JC10131P112<br \/>\n F-351.PA<br \/>\n XC8JC10131P11IC<br \/>\n XBW5AG41<br \/>\n XBW5AD41<br \/>\n XBW4BS9442<br \/>\n A5005.000013<br \/>\n EVDE-3\/NA-B70<br \/>\n B011000S00006<br \/>\n A0A04000047<br \/>\n A600903030008<br \/>\n YFA.ELK-OZ.01 EXP<br \/>\n YFA.ELK-OZ.04 EXP-20W<br \/>\n YFA.ELK-OZ.05 EX<br \/>\n YFA.ELK-OZ.06 EX<br \/>\n YFA.ELK-OZ.07 EX<br \/>\n YFA.ELK-OZ.08 EX<br \/>\n YFA.ELK-OZ.09 EX<br \/>\n YFA.ELk-OZ.10 EX<br \/>\n YFA.ELK-OZ.11 EX<br \/>\n YFA.ELK-OZ.12 EX<br \/>\n ZCWD21L1<br \/>\n ZAWE102<br \/>\n ZA2BS44<br \/>\n ZBWY4951<br \/>\n ZBWY2954<br \/>\n ZBWY4901<br \/>\n ZBWY2904<br \/>\n ZBWY4952<br \/>\n ZBWY2330<br \/>\n ZB5AS834<br \/>\n ZEWB162<br \/>\n 8516560000<br \/>\n XCKWJ210541H29<br \/>\n HZ0205WH24<br \/>\n A041431 O230<br \/>\n B060301010011<br \/>\n XAWP8272[ENG] English labels<br \/>\n XC8TA1P11C<br \/>\n XCRFW171<br \/>\n ZBWV 3<br \/>\n XLW5AV053<br \/>\n A027711<br \/>\n FL-40SA<br \/>\n A0101111311<br \/>\n XAWP089<br \/>\n EJB11<br \/>\n XCWD2115L2<br \/>\n ZBWE 162<br \/>\n IWBE 101 NSN 5999-14-452-0196<br \/>\n XC8TA1P1<br \/>\n XC8TA1P15I<br \/>\n XC8TA1P11IC<br \/>\n XCWD2145L1<br \/>\n B090601040030<br \/>\n ZBWE<br \/>\n XBW5AS8442<br \/>\n XCW-A1155 Ex<br \/>\n XCW-A1105 Ex<br \/>\n XCKWMR54D1 H29<br \/>\n XCKWMR54D1H29EX<br \/>\n ZBWE161<br \/>\n FL-40IM<br \/>\n FL-40HG<br \/>\n XCWD21F0L2<br \/>\n XCWD2115L5.<br \/>\n B170112110 &#8211; 1 packet = 100 pcs.<br \/>\n B141101010 &#8211; 1 packet = 100 pcs.<br \/>\n B170112210 &#8211; 1 packet = 100 pcs.<br \/>\n B141101020 &#8211; 1 packet = 100 pcs.<br \/>\n B170112310 &#8211; 1 packet = 100 pcs.<br \/>\n B141101030 &#8211; 1 packet = 100 pcs.<br \/>\n B170112410 &#8211; 1 packet = 100 pcs.<br \/>\n B141101040 &#8211; 1 packet = 100 pcs.<br \/>\n B170112510 &#8211; 1 packet = 100 pcs.<br \/>\n B141101050 &#8211; 1 packet = 100 pcs.<br \/>\n XCWD2115L<br \/>\n XCWA-1105<br \/>\n XAWP06003791<br \/>\n XCKWJ210513H29<br \/>\n XCWA110 obsolete   replaced by  XCWD2110L1<br \/>\n B090100S01128<br \/>\n 12\/126910-010   ref. XCWF1102<br \/>\n A04A101C51C1D<br \/>\n A04A201F01C1D<br \/>\n XAWP8272 EX<br \/>\n ZB8MA0211\/ZC1BF0101<br \/>\n TYPE: DE8BC64   10\/109468<br \/>\n XCKWD2145P16<br \/>\n ZBWV-101<br \/>\n INERIS 03ATEX0083 X<br \/>\n ZBWV3 B090602040011<br \/>\n XCW-F103<br \/>\n B090100S00142 \/ XCW-D2102L1<br \/>\n siren<br \/>\n XAW-P 375492<br \/>\n XBW5AS542 old code\/ B090601040049 new code<br \/>\n 20053664 P\/N ZBWE<br \/>\n XCWD21F0L5<br \/>\n XCWD2115L10<br \/>\n XADW12110P11IC<br \/>\n XAWE 303<br \/>\n XACAS412ZAZBS44<br \/>\n XAWP06003273<br \/>\n XAWP9411<br \/>\n XAWP9412<br \/>\n XCKWM2110H29<br \/>\n ZA2BS54<br \/>\n 331849  TEAXCKWJ210541H29<br \/>\n XCWA1155<br \/>\n XCWD2115L5<br \/>\n XML WC020B2S12<br \/>\n ZBWE101  El\u00e9ment de contact NO montage sur embase   415V  &#8211; 10A  II 2 GD    Ex d e IIC Gb   INERIS 02ATEX9007U    temp\u00e9rature de service : -50 \u00e0 +  75\u00b0c<br \/>\n ZBWE-161<br \/>\n ZC2JE09<br \/>\n ZC2JY71<br \/>\n ZC8JC2P11IC<br \/>\n XCWD2110L5<br \/>\n 07-3711-12154000<br \/>\n 05-0056-0073<br \/>\n 05-0056-0041<br \/>\n ELBF351-001<br \/>\n XAWP 8272<br \/>\n ZC1BF0101+ZC1BF0101+ZB8MD03<br \/>\n ZC1BF0102+ZC1BF0101+ZB8MA01<br \/>\n ZB8MD03\/ZC1BF0101\/ZC1BF0101<br \/>\n ZB8MA01\/ ZC1BF0101\/ZC1BF0102<br \/>\n ZB8MA04\/ZC1BF0102<br \/>\n ZB8MT04\/ZC1BF0102\/ZC1BF0102\n<\/ul>\n<h5><em><strong>Important:<\/strong><\/em><br \/>\nOur company is not an official dealer or the manufacturer of the brands listed on this website. All brand names trademarks and logos are the property of their respective owners and are used solely for product identification purposes.<\/h5>\n<div class=\"\"brand_and_country\"\">\n<h3>Your Reliable Supplier for %title%<\/h3>\n<p><span style=\"\"font-size: 16px;\"\">Are you searching for original <\/span>%title% <span style=\"\"font-size: 16px;\"\">products? At <\/span>WISME<span style=\"\"font-size: 16px;\"\"> , we offer a wide range of industrial solutions, including . As an independent supplier, we provide original %title%<\/span><span style=\"\"font-size: 16px;\"\">\u00a0equipment at competitive prices to meet the diverse needs of businesses across the United Kingdom.<\/span><\/p>\n<\/div>\n<div class=\"\"descr\"\">\n<h3>Why Choose %title% ?<\/h3>\n<p>%title% is renowned for its high-quality and efficient industrial equipment, widely used in manufacturing and production sectors. From to other essential industrial components, %title%\u00a0offers solutions that enhance efficiency and reliability.<\/p>\n<h3>Advantages of Shopping with WISME<\/h3>\n<p>By choosing\u00a0<strong>WISME<\/strong> as your supplier, you gain access to a broad range of products without the limitations of official distribution channels. This allows us to offer better prices, faster delivery, and personalised service worldwide.<\/p>\n<h2>Our Range of Accuenergy Products<\/h2>\n<p>We have a wide selection of %title%\u00a0products suitable for various industrial applications. Whether you need\u00a0or other specialised equipment, our inventory is designed to support the operational efficiency of your business.<\/p>\n<h2>Serving Worldwide<\/h2>\n<p>No matter where your business is located,\u00a0<strong>WISME<\/strong> is committed to providing you with the %title%\u00a0products you need. Our efficient distribution network enables us to deliver promptly worldwide.<\/p>\n<h2>Contact Us for %title% products<\/h2>\n<p>Ready to purchase %title%\u00a0products or need more information? Contact us today. You can call us at\u00a0<em><strong>+39 339 4627858 <\/strong><\/em>\u00a0or send an email to\u00a0<em><strong>sales@wisme.eu<\/strong><\/em><\/p>\n<p>Our expert team is ready to help you find the perfect solutions for your industrial needs.<\/p>\n<h2>Request a Quote<\/h2>\n<p>For customised pricing and product information, please get in touch with us. We are dedicated to providing solutions tailored to your specific requirements.<\/p>\n<h2>Disclaimer<\/h2>\n<p><strong>WISME<\/strong> is an independent supplier of %title%\u00a0products and is not affiliated with or authorised by the official distributor. All trademarks and brand names are the property of their respective owners.<\/p>\n<h3><\/h3>\n<h3><\/h3>\n<h3>Frequently Asked Questions:<\/h3>\n<hr \/>\n<p>Who is the official distributor or seller of %title%?<\/p>\n<p>While we are not the official distributor or seller of %title%, we source our products from reliable channels and offer you original %title% equipment at competitive prices.<\/p>\n<hr \/>\n<p>Where can I buy %title%<strong>\u00a0<\/strong>products?<\/p>\n<p>You can purchase %title%<strong>\u00a0<\/strong>products from Wisme for fast delivery and trusted Industrial spare parts supply.<\/p>\n<hr \/>\n<p>How can I access %title% product catalogues, user manuals, technical documents, and PDFs?<\/p>\n<p>You can access catalogues, user manuals, and technical documents for %title%\u00a0products on our website or get in touch with our customer care for more details.<\/p>\n<hr \/>\n<p>Do you provide warranty for %title%\u00a0products?<\/p>\n<p>We provide Wisme Limited 12 Months Warranty<\/p>\n","protected":false},"excerpt":{"rendered":"<p>Original <strong>%title%<\/strong> spare parts. Fast shipping &amp; Best Price Guaranteed. Contact us to get a quick quote. The high quality parts you need.<\/p>\n<p><strong>CONTACT US:<\/strong><\/p>\n<div class='fluentform ff-default fluentform_wrapper_1 ffs_default_wrap'>\n<form data-form_id=\"1\" id=\"fluentform_1\" class=\"frm-fluent-form fluent_form_1 ff-el-form-top ff_form_instance_1_1 ff-form-loading ffs_default\" data-form_instance=\"ff_form_instance_1_1\" method=\"POST\" >\n<fieldset  style=\"border: none!important;margin: 0!important;padding: 0!important;background-color: transparent!important;box-shadow: none!important;outline: none!important; min-inline-size: 100%;\">\n<legend class=\"ff_screen_reader_title\" style=\"display: block; margin: 0!important;padding: 0!important;height: 0!important;text-indent: -999999px;width: 0!important;overflow:hidden;\">Contact Form Prodotti<\/legend>\n<p style=\"display: none !important;\" class=\"akismet-fields-container\" data-prefix=\"ak_\"><label>&#916;<textarea name=\"ak_hp_textarea\" cols=\"45\" rows=\"8\" maxlength=\"100\"><\/textarea><\/label><input type=\"hidden\" id=\"ak_js_1\" name=\"ak_js\" value=\"150\"\/><script>document.getElementById( \"ak_js_1\" ).setAttribute( \"value\", ( new Date() ).getTime() );<\/script><\/p>\n<p><input type='hidden' name='__fluent_form_embded_post_id' value='8066' \/><input type=\"hidden\" id=\"_fluentform_1_fluentformnonce\" name=\"_fluentform_1_fluentformnonce\" value=\"2303fd3bca\" \/><input type=\"hidden\" name=\"_wp_http_referer\" value=\"\/it\/wp-json\/wp\/v2\/product\/8066\" \/><\/p>\n<div data-type=\"name-element\" data-name=\"names\" class=\" ff-field_container ff-name-field-wrapper\" >\n<div class='ff-t-container'>\n<div class='ff-t-cell '>\n<div class='ff-el-group'>\n<div class=\"ff-el-input--label asterisk-right\"><label for='ff_1_names_first_name_' id='label_ff_1_names_first_name_' >Name<\/label><\/div>\n<div class='ff-el-input--content'><input type=\"text\" name=\"names[first_name]\" id=\"ff_1_names_first_name_\" class=\"ff-el-form-control\" placeholder=\"First Name\" aria-invalid=\"false\" aria-required=false><\/div>\n<\/div>\n<\/div>\n<\/div>\n<\/div>\n<div class='ff-el-group'>\n<div class=\"ff-el-input--label ff-el-is-required asterisk-right\"><label for='ff_1_email' id='label_ff_1_email' aria-label=\"Email\">Email<\/label><\/div>\n<div class='ff-el-input--content'><input type=\"email\" name=\"email\" id=\"ff_1_email\" class=\"ff-el-form-control\" placeholder=\"Email Address\" data-name=\"email\"  aria-invalid=\"false\" aria-required=true><\/div>\n<\/div>\n<div class='ff-el-group'>\n<div class=\"ff-el-input--label ff-el-is-required asterisk-right\"><label for='ff_1_message' id='label_ff_1_message' aria-label=\"Your Message\">Your Message<\/label><\/div>\n<div class='ff-el-input--content'><textarea aria-required=\"true\" aria-labelledby=\"label_ff_1_message\" name=\"message\" id=\"ff_1_message\" class=\"ff-el-form-control\" placeholder=\"Your Message\" rows=\"4\" cols=\"2\" data-name=\"message\" ><\/textarea><\/div>\n<\/div>\n<div class='ff-el-group ff-text-left ff_submit_btn_wrapper'><button type=\"submit\" class=\"ff-btn ff-btn-submit ff-btn-md ff_btn_style\"  aria-label=\"Send\">Send<\/button><\/div>\n<\/fieldset>\n<\/form>\n<div id='fluentform_1_errors' class='ff-errors-in-stack ff_form_instance_1_1 ff-form-loading_errors ff_form_instance_1_1_errors'><\/div>\n<\/div>\n<p>            <script type=\"text\/javascript\">\n                window.fluent_form_ff_form_instance_1_1 = {\"id\":\"1\",\"ajaxUrl\":\"https:\\\/\\\/wisme.eu\\\/wp-admin\\\/admin-ajax.php\",\"settings\":{\"layout\":{\"labelPlacement\":\"top\",\"helpMessagePlacement\":\"with_label\",\"errorMessagePlacement\":\"inline\",\"cssClassName\":\"\",\"asteriskPlacement\":\"asterisk-right\"},\"restrictions\":{\"denyEmptySubmission\":{\"enabled\":false}}},\"form_instance\":\"ff_form_instance_1_1\",\"form_id_selector\":\"fluentform_1\",\"rules\":{\"names[first_name]\":{\"required\":{\"value\":false,\"message\":\"This field is required\",\"global\":false,\"global_message\":\"This field is required\"}},\"names[middle_name]\":{\"required\":{\"value\":false,\"message\":\"This field is required\",\"global\":false,\"global_message\":\"This field is required\"}},\"names[last_name]\":{\"required\":{\"value\":false,\"message\":\"This field is required\",\"global\":false,\"global_message\":\"This field is required\"}},\"email\":{\"required\":{\"value\":true,\"message\":\"This field is required\",\"global\":false,\"global_message\":\"This field is required\"},\"email\":{\"value\":true,\"message\":\"This field must contain a valid email\",\"global\":false,\"global_message\":\"This field must contain a valid email\"}},\"message\":{\"required\":{\"value\":true,\"message\":\"This field is required\",\"global\":false,\"global_message\":\"This field is required\"}}},\"debounce_time\":300};\n                            <\/script><\/p>\n","protected":false},"featured_media":8065,"comment_status":"open","ping_status":"closed","template":"","meta":[],"product_brand":[],"product_cat":[33],"product_tag":[],"class_list":{"0":"post-8066","1":"product","2":"type-product","3":"status-publish","4":"has-post-thumbnail","6":"product_cat-uncategorized","7":"has-post-title","8":"has-post-date","9":"has-post-category","10":"has-post-tag","11":"has-post-comment","12":"has-post-author","13":"","15":"first","16":"instock","17":"shipping-taxable","18":"product-type-simple"},"_links":{"self":[{"href":"https:\/\/wisme.eu\/it\/wp-json\/wp\/v2\/product\/8066","targetHints":{"allow":["GET"]}}],"collection":[{"href":"https:\/\/wisme.eu\/it\/wp-json\/wp\/v2\/product"}],"about":[{"href":"https:\/\/wisme.eu\/it\/wp-json\/wp\/v2\/types\/product"}],"replies":[{"embeddable":true,"href":"https:\/\/wisme.eu\/it\/wp-json\/wp\/v2\/comments?post=8066"}],"version-history":[{"count":1,"href":"https:\/\/wisme.eu\/it\/wp-json\/wp\/v2\/product\/8066\/revisions"}],"predecessor-version":[{"id":15308,"href":"https:\/\/wisme.eu\/it\/wp-json\/wp\/v2\/product\/8066\/revisions\/15308"}],"wp:featuredmedia":[{"embeddable":true,"href":"https:\/\/wisme.eu\/it\/wp-json\/wp\/v2\/media\/8065"}],"wp:attachment":[{"href":"https:\/\/wisme.eu\/it\/wp-json\/wp\/v2\/media?parent=8066"}],"wp:term":[{"taxonomy":"product_brand","embeddable":true,"href":"https:\/\/wisme.eu\/it\/wp-json\/wp\/v2\/product_brand?post=8066"},{"taxonomy":"product_cat","embeddable":true,"href":"https:\/\/wisme.eu\/it\/wp-json\/wp\/v2\/product_cat?post=8066"},{"taxonomy":"product_tag","embeddable":true,"href":"https:\/\/wisme.eu\/it\/wp-json\/wp\/v2\/product_tag?post=8066"}],"curies":[{"name":"wp","href":"https:\/\/api.w.org\/{rel}","templated":true}]}}