{"id":8427,"date":"2026-01-19T12:25:46","date_gmt":"2026-01-19T12:25:46","guid":{"rendered":"https:\/\/wisme.eu\/product\/transfluid\/"},"modified":"2026-03-05T13:01:39","modified_gmt":"2026-03-05T13:01:39","slug":"transfluid","status":"publish","type":"product","link":"https:\/\/wisme.eu\/it\/prodotto\/transfluid\/","title":{"rendered":"Transfluid"},"content":{"rendered":"<p>We Keep Thousands of Genuine OEM Parts in Stock and offer the most extensive parts inventory of any competitor. We restock our shelves daily with premium product lines. <strong>If there&#8217;s a part you need, we&#8217;ve got it.<\/strong> We offer a wide range of components modules cables and transceivers for networking and electronics with fast delivery worldwide and a 12-month warranty.<br \/>\nIf you cannot find the code or model you are looking for you can request it directly: <strong>sales@wisme.eu<\/strong> thanks to our logistics network we can source specific items on demand and deliver them straight to your address worldwide.<\/p>\n<p><strong>AVAILABLE PRODUCTS:<\/strong><\/p>\n<p>&#8221; K &#8221; TYPE  140 \u00b0C<br \/>\n &#8221; K &#8221; TYPE 120 \u00b0C<br \/>\n &#8220;K &#8221; TYPE 198 \u00b0C<br \/>\n 11 KR-D42 CLUTCH<br \/>\n 11 KRG 48<br \/>\n 12CKRG<br \/>\n ACG0798CA<br \/>\n 12 KRG 48 XXX<br \/>\n 13 KRG &#8211; INPUT D60 &#8211; OUTPUT ROUGH BORE<br \/>\n 13 KRG 60 XXX<br \/>\n TFP1299JA<br \/>\n 13CKRG<br \/>\n 15KRG<br \/>\n 15 KRG 60 65 RM<br \/>\n 15 KRG 60 XXX<br \/>\n 15 KRG 65 XXX<br \/>\n 15KRD ?? 60<br \/>\n 17 KRG 60<br \/>\n 17 KRG 75 XXX<br \/>\n 19 KRG 55 55<br \/>\n 19 KRG XX XX<br \/>\n 24 KRG 100<br \/>\n 27K MODEL<br \/>\n TFP5558BLUE<br \/>\n 315 NBG<br \/>\n DSA-H<br \/>\n FA 76<br \/>\n TFP1292AA 24KRG D80<br \/>\n HF0311-2 F458<br \/>\n NB400 TF80\/60<br \/>\n Size 11 \/ 4321X<br \/>\n TF 5556<br \/>\n S-TD3MA-11512-015<br \/>\n 2713C<br \/>\n Bored to spec<br \/>\n RBD 11D<br \/>\n CKRG-13<br \/>\n CKRG-15<br \/>\n CKRG-17\/19<br \/>\n CKRG-24<br \/>\n CKRG-29<br \/>\n elastic coupling set for KRG17<br \/>\n coupling rubber for KRG17<br \/>\n Fi 26-30 mm plastic plugs for MB642<br \/>\n Ruber block \/\/ KRG 17<br \/>\n TFP104281A<br \/>\n KRG 13<br \/>\n 11KR-D 42<br \/>\n 8KRD-D28<br \/>\n ACF0795J<br \/>\n GASP2372C<br \/>\n ACC2450JD<br \/>\n GASP2367C<br \/>\n ACI1287JD\/13KRD<br \/>\n GASP2711D<br \/>\n BMS 45<br \/>\n CCKRG-12<br \/>\n PST2120<br \/>\n BM48<br \/>\n DISASSEMBLE TOOL for 15KRG<br \/>\n 00507 Sw.pin 120 \u00b0<br \/>\n 00507 Sw.pin 140 \u00b0<br \/>\n GA1004A<br \/>\n TFP1004B<br \/>\n 17 KSDF (Dp280- 8xSPB\/B)<br \/>\n E 100551<br \/>\n TFP100551<br \/>\n E100552<br \/>\n coupling for BT20-30-40<br \/>\n TFPCBLOCK<br \/>\n BT60 \/ 160 mm \/ 90mm<br \/>\n 34CKRM<br \/>\n KRG15 ACM1288JA<br \/>\n lid for 34CKRM<br \/>\n 6 EK-D19 \u2013 G19 out of production<br \/>\n GA103186M<br \/>\n GU N7018BB<br \/>\n 13CKRM &#8211; ACI1451JP<br \/>\n GA2711L<br \/>\n 15 KSDF<br \/>\n NBG 400 TF 80\/60<br \/>\n E101033<br \/>\n ACO1289PA001<br \/>\n 19 CKRG<br \/>\n GU N7018DB<br \/>\n BM55<br \/>\n GATF5938F<br \/>\n coupling for 19 KPTO KP 3227<br \/>\n ANQ2518M<br \/>\n TTC1156 0151333927<br \/>\n 075.04.077<br \/>\n KCG21<br \/>\n ACS3069BB000 \/ 21KGC 3<br \/>\n D19-46.79<br \/>\n TF558<br \/>\n 19 KPTI KP 2990<br \/>\n KRG15<br \/>\n 19KPTO KP2990<br \/>\n GA3021C<br \/>\n 00507  GA3021C<br \/>\n KRB C 15 HYD<br \/>\n buffer for BT60<br \/>\n GA BT60\/BT60 JOINT<br \/>\n GA P RUBBER BT60<br \/>\n 00507 O-RING<br \/>\n GU N7018CB<br \/>\n 00507 SEAL<br \/>\n GU N6806AO<br \/>\n GA P<br \/>\n 00507 GUN6704AE<br \/>\n GU N7012AC<br \/>\n GUN6806AQ<br \/>\n GUN6806AN<br \/>\n ACO2766CCCB000<br \/>\n ACO1392CBN000<br \/>\n ACI3128C004<br \/>\n ACS3133C001<br \/>\n GA1004D- SW.PIN 109\u00b0C<br \/>\n GUN7018CA-FUISBLE PLUG 120\u00b0C<br \/>\n 7018CA<br \/>\n TF5791<br \/>\n GH TF5791BLU<br \/>\n DB 2076K<br \/>\n GA100100E<br \/>\n GA100101A<br \/>\n HF0311\/2<br \/>\n 00507 \/HFR 311\/2kv<br \/>\n VWE 2076-30<br \/>\n DAL 001<br \/>\n DAV 001<br \/>\n DR 001<br \/>\n TFP5558BLUE (1pc)<br \/>\n CLTF6273GD<br \/>\n AZC3850D HFR314\/1<br \/>\n GUN2660CG<br \/>\n GO104562A<br \/>\n GUN6704EP<br \/>\n GUN6809AA<br \/>\n GABT20F<br \/>\n GABT20M<br \/>\n GAC- RUBBER C<br \/>\n ACS1291CA<br \/>\n AAQ1302DA<br \/>\n RBD 11S<br \/>\n 141CV03<br \/>\n TFP2557000<br \/>\n CCKRGB 24<br \/>\n CLTF6273MC<br \/>\n GH 5558BLU<br \/>\n 00507<br \/>\n ACM1288JA<br \/>\n TFP1288J<br \/>\n TFP2713D<br \/>\n TFPBT40FB<br \/>\n 00507 \/ Type: 15 KRG D=65 &#8211; OUTOUT G=50<br \/>\n GASP2713D<br \/>\n TFP5791BLU<br \/>\n 00507 \/ Type: 12CKRG D48 E BT LAV. 60 &#8211; ACG1501CO000<br \/>\n GUN7018CC<br \/>\n GIUNTO TIPO ADS2123H000 21KFDB<br \/>\n GA3278C- 21KFBD GASKET KIT (V- SEAL)<br \/>\n FUSE OPRESSOR<br \/>\n CLTF6273HN<br \/>\n CLTF6273HN000<br \/>\n 34CKRG<br \/>\n GATF6341A008<br \/>\n TFP2712C<br \/>\n ACW3318A2Y000<br \/>\n GA2761AA<br \/>\n GUN7018CB<br \/>\n KGR 12<br \/>\n KGR 15<br \/>\n KGR  17<br \/>\n 1287JA016<br \/>\n 6KRA<br \/>\n TFP1004A<br \/>\n TFP1822C<br \/>\n K-CK-CCK<br \/>\n TFP29CKRRK<br \/>\n TFPT<br \/>\n TFP7018DB<br \/>\n TFP795J<br \/>\n BT 30<br \/>\n KRG SIZE 12<br \/>\n TFPPARTS<br \/>\n D55 13KR<br \/>\n HF0311-2 K\/L obsolete<br \/>\n ST200-TH2<br \/>\n 13KSD-QD<br \/>\n BML30<br \/>\n Konische Buchse 48mm f\u00fcr 15KRG Artikelnummer: GA2713A<br \/>\n 15KRG (Artikelnummer: ACM1288JA)<br \/>\n 17KRG D75<br \/>\n KRG17\/KRG 19<br \/>\n Turbo Coupling Tire KRG15<br \/>\n 1288JA<br \/>\n GH100551<br \/>\n GH100552C<br \/>\n B3M<br \/>\n Coupling Tire For B3M\/B3MBP<br \/>\n KRG 17<br \/>\n 21 KSDF<br \/>\n 21KSDF 3\/8<br \/>\n KRG-17 K<br \/>\n 19 KR-CKR-CCKR<br \/>\n CODE:BT-P<br \/>\n GH5558BLU<br \/>\n NBG 315<br \/>\n KRG 12  no source<br \/>\n ACM1288JA=KRG-15<br \/>\n GA2713D<br \/>\n 17 KSDF<br \/>\n GA101393A<br \/>\n GASP2711C<br \/>\n Typ BMS 55<br \/>\n Typ BMS 53<br \/>\n Typ BMS 43<br \/>\n Typ BMS 20<br \/>\n SPTR00115N<br \/>\n 24 CCKRG.<br \/>\n 21 CCKRG<br \/>\n 17 CCKRG<br \/>\n NBG 250 TF 30\/50<br \/>\n TFF 5558<br \/>\n GH100552 C<br \/>\n Artikelnummer: GH5558BLU<br \/>\n KRG 15\/17\/21<br \/>\n KRG19<br \/>\n 15KRG ungebohrt (Artikelnummer: 1288JA)<br \/>\n KRG-91<br \/>\n 21KRG D85<br \/>\n Size 8<br \/>\n GABT60M<br \/>\n GABT60F<br \/>\n TFP7018CB (GUN7018CB)<br \/>\n ACI1287JA<br \/>\n 13 KRG<br \/>\n size 15k mark 198c<br \/>\n ACI1451JA<br \/>\n Tapered bushing 55mm for 13CKRG item number: GA2711C<br \/>\n 19KRG D80 Artikelnummer: ACQ1290DA<br \/>\n ACO1289JA000<br \/>\n GA2876C<br \/>\n 21KPTB<br \/>\n 24KPTB<br \/>\n 27KPTB<br \/>\n TFP2315M001<br \/>\n Flexible BT40 Kupplung f\u00fcr Transfluid Turbokupplung 15 KRG (SPTR00033N)<br \/>\n MME-09\/181 for KRG 15<br \/>\n GEFF 250 Montagematerial<br \/>\n GEFF 250 Stiftschraube<br \/>\n Flexible BT30 Kupplung f\u00fcr Transfluid Turbokupplung 13 KRG (SPTR00031N)<br \/>\n Gummielemente F\u00fcr Kupplungsgr\u00f6\u00dfe 11 und 12 KRG (SPTR00119N)<br \/>\n Gummielemente F\u00fcr Kupplungsgr\u00f6\u00dfe 19 KRG (SPTR00249N)<br \/>\n Gummielemente F\u00fcr Kupplungsgr\u00f6\u00dfe 21 und 24 KRG (SPTR00263N)<br \/>\n 15 KRD 60 &#8211; 60<br \/>\n Flexible BT30 Kupplung f\u00fcr Transfluid Turbokupplung 13 KRG<br \/>\n Flexible BT40 Kupplung f\u00fcr Transfluid Turbokupplung 15 KRG<br \/>\n Flexible BT20 Kupplung f\u00fcr Transfluid Turbokupplung 11 KRG und 12 KRG<br \/>\n Flexible BT50 Kupplung f\u00fcr Transfluid Turbokupplung 17 KRG und 19 KRG<br \/>\n Flexible BT60 Kupplung f\u00fcr Transfluid Turbokupplung 21 KRG und 24 KRG<br \/>\n NBG 200 TF22\/50<br \/>\n 17 KRG 75 60<br \/>\n SPTR00366N<br \/>\n Type: KRG 17<br \/>\n BMS 240 obsolete\/  replaced by Typ BMS 55<br \/>\n BMS 140 obsolete\/  replaced by Typ BMS 53<br \/>\n BMS 47 obsolete\/ replaced by Typ BMS 43<br \/>\n BMS 229 obsolete\/  replaced by Typ BMS 20<br \/>\n YOXII560<br \/>\n N-PART 1 :11KRG-D42\/38<br \/>\n N-PART 1 :12KRD-48D<br \/>\n N-PART 1: 12KRG-D48\/28<br \/>\n N-PART 1: 13KRD-D48\/48<br \/>\n N-PART 1: 13KRG-D55\/48<br \/>\n P.N. GA   D<br \/>\n PLUG FUSE 145 \u00b0C   KRG15<br \/>\n BT20-30-40 BLU<br \/>\n SCHMELSICHERUNG 140\u00b0C (FUSIBLE PLUG 140\u00b0C) FUR TURBOKUPPLUNG  HERSTELLER TRANSFLUID BAUGRO\u00dfE 24.<br \/>\n SIZE 11<br \/>\n SPARE PARTS FOR NB 315<br \/>\n SPTR00126N<br \/>\n SPTR00263N<br \/>\n TF  5558   SPTR00115N<br \/>\n TF 5558<br \/>\n TF5558BLUE<br \/>\n TURBO COUPLING RUBBER FOR KRG 13<br \/>\n TYPE    : 19CKRG    MOTOR  : 132 KW<br \/>\n TYPE C<br \/>\n TYPE D NO:16<br \/>\n TYPE: 19 KRG 75 75<br \/>\n GEFF 200   3kW \/ 1000 rev \/ min<br \/>\n NBG200 + TF22\/50  3kW \/ 1000 rev \/ min<br \/>\n GEFF 250 Gummipuffer<br \/>\n NBG250 + TF30\/50  5  5KW \/ 1000 rev \/ min<br \/>\n SPTR00249N<br \/>\n X1234 400<br \/>\n 15KRG Artikelnummer: ACM1288JA<br \/>\n 1 7 KRB 75 55 400&#215;150<br \/>\n KRG 19 KAPLIN TAPASI<br \/>\n KRG 9\/11\/12<br \/>\n KRG11<br \/>\n SPTR00119N<br \/>\n 13KRG<br \/>\n 15 KRG 65 50<br \/>\n KRG-15 60 XX<br \/>\n M=1000<br \/>\n M18X1<br \/>\n MB642<br \/>\n MGH 0042<br \/>\n MGH 0608<br \/>\n MGH 1012<br \/>\n MGH 1416<br \/>\n MGH 1820<br \/>\n MGH 2225<br \/>\n MGH 2830<br \/>\n MGH 3538<br \/>\n Model 19KRG<br \/>\n NB250 TF TF 30\/50<br \/>\n NBG 315 TF 30\/50 Teil G34<br \/>\n NBG315 75\/50<br \/>\n NBG200 TF30\/50-RG-FCA-INOX<br \/>\n NBG250 TF60\/50<br \/>\n NBG400 TF75\/50-RG-FCA-INOX<br \/>\n ELDRO 80\/6 (DIA.400  0 mm)<br \/>\n GA  BT30F<br \/>\n GA  BT30M<br \/>\n GA C<br \/>\n GABT30F- HALF CPLG FEMALE PART<br \/>\n GABT30M- HALF CPLG MALE PART<br \/>\n GABT40F<br \/>\n GABT40F- FEMALE PART BT40<br \/>\n GABT40M<br \/>\n GABT40M- HALF CPLG MALE PART<br \/>\n GABT50F- FEMALE PART BT50<br \/>\n GABT50M- HALF CPLG MALE PART<br \/>\n BT20-30-40<br \/>\n GAD- RUBBER BT50<br \/>\n GEFF 315<br \/>\n GEFF630.2<br \/>\n KCG13<br \/>\n KR15 HYDRAULIC COUPLING<br \/>\n KRB11<br \/>\n KRB12<br \/>\n KRB13<br \/>\n KRB19<br \/>\n KRG &#8211; 8<br \/>\n ACF795JA<br \/>\n 12KRG<br \/>\n KRG 13 K<br \/>\n BM 306-012<br \/>\n BM 308-016<br \/>\n BM 310-020<br \/>\n BM 312-024<br \/>\n BM 314-028<br \/>\n BM 315-030<br \/>\n BM 316-032<br \/>\n BM 318-045<br \/>\n BM 320-040<br \/>\n BM 322-055<br \/>\n BM 325-0625<br \/>\n BM 328-0756<br \/>\n BM 335-105<br \/>\n BM 338-095<br \/>\n BM 342-126<br \/>\n \u200bCLTF6273NT<br \/>\n BT 20<br \/>\n TFPBT30<br \/>\n BT 40 FOR TRANSFLUID TURBO COUPLING SIZE 15   BORED WITH TOLERANCE H7 WITH KEYWAY BY DIN 6885\/1<br \/>\n BT 40 FOR TRANSFLUID TURBO COUPLING SIZE 15   PREBORED APPROX. \u00d830 MM<br \/>\n BT 60<br \/>\n BT40<br \/>\n BT50<br \/>\n C113<br \/>\n CKCG SIZE 13<br \/>\n ELDRO 80\/6 (DIA.250  0 mm)<br \/>\n ELDRO 80\/6 (DIA.315  0 mm)\n<\/ul>\n<h5><em><strong>Important:<\/strong><\/em><br \/>\nOur company is not an official dealer or the manufacturer of the brands listed on this website. All brand names trademarks and logos are the property of their respective owners and are used solely for product identification purposes.<\/h5>\n<div class=\"\"brand_and_country\"\">\n<h3>Your Reliable Supplier for %title%<\/h3>\n<p><span style=\"\"font-size: 16px;\"\">Are you searching for original <\/span>%title% <span style=\"\"font-size: 16px;\"\">products? At <\/span>WISME<span style=\"\"font-size: 16px;\"\"> , we offer a wide range of industrial solutions, including . As an independent supplier, we provide original %title%<\/span><span style=\"\"font-size: 16px;\"\">\u00a0equipment at competitive prices to meet the diverse needs of businesses across the United Kingdom.<\/span><\/p>\n<\/div>\n<div class=\"\"descr\"\">\n<h3>Why Choose %title% ?<\/h3>\n<p>%title% is renowned for its high-quality and efficient industrial equipment, widely used in manufacturing and production sectors. From to other essential industrial components, %title%\u00a0offers solutions that enhance efficiency and reliability.<\/p>\n<h3>Advantages of Shopping with WISME<\/h3>\n<p>By choosing\u00a0<strong>WISME<\/strong> as your supplier, you gain access to a broad range of products without the limitations of official distribution channels. This allows us to offer better prices, faster delivery, and personalised service worldwide.<\/p>\n<h2>Our Range of Accuenergy Products<\/h2>\n<p>We have a wide selection of %title%\u00a0products suitable for various industrial applications. Whether you need\u00a0or other specialised equipment, our inventory is designed to support the operational efficiency of your business.<\/p>\n<h2>Serving Worldwide<\/h2>\n<p>No matter where your business is located,\u00a0<strong>WISME<\/strong> is committed to providing you with the %title%\u00a0products you need. Our efficient distribution network enables us to deliver promptly worldwide.<\/p>\n<h2>Contact Us for %title% products<\/h2>\n<p>Ready to purchase %title%\u00a0products or need more information? Contact us today. You can call us at\u00a0<em><strong>+39 339 4627858 <\/strong><\/em>\u00a0or send an email to\u00a0<em><strong>sales@wisme.eu<\/strong><\/em><\/p>\n<p>Our expert team is ready to help you find the perfect solutions for your industrial needs.<\/p>\n<h2>Request a Quote<\/h2>\n<p>For customised pricing and product information, please get in touch with us. We are dedicated to providing solutions tailored to your specific requirements.<\/p>\n<h2>Disclaimer<\/h2>\n<p><strong>WISME<\/strong> is an independent supplier of %title%\u00a0products and is not affiliated with or authorised by the official distributor. All trademarks and brand names are the property of their respective owners.<\/p>\n<h3><\/h3>\n<h3><\/h3>\n<h3>Frequently Asked Questions:<\/h3>\n<hr \/>\n<p>Who is the official distributor or seller of %title%?<\/p>\n<p>While we are not the official distributor or seller of %title%, we source our products from reliable channels and offer you original %title% equipment at competitive prices.<\/p>\n<hr \/>\n<p>Where can I buy %title%<strong>\u00a0<\/strong>products?<\/p>\n<p>You can purchase %title%<strong>\u00a0<\/strong>products from Wisme for fast delivery and trusted Industrial spare parts supply.<\/p>\n<hr \/>\n<p>How can I access %title% product catalogues, user manuals, technical documents, and PDFs?<\/p>\n<p>You can access catalogues, user manuals, and technical documents for %title%\u00a0products on our website or get in touch with our customer care for more details.<\/p>\n<hr \/>\n<p>Do you provide warranty for %title%\u00a0products?<\/p>\n<p>We provide Wisme Limited 12 Months Warranty<\/p>","protected":false},"excerpt":{"rendered":"<p>Original <strong>%title%<\/strong> spare parts. Fast shipping &amp; Best Price Guaranteed. Contact us to get a quick quote. The high quality parts you need.<\/p>\n<p><strong>CONTACT US:<\/strong><\/p>\n<div class='fluentform ff-default fluentform_wrapper_1 ffs_default_wrap'>\n<form data-form_id=\"1\" id=\"fluentform_1\" class=\"frm-fluent-form fluent_form_1 ff-el-form-top ff_form_instance_1_1 ff-form-loading ffs_default\" data-form_instance=\"ff_form_instance_1_1\" method=\"POST\" >\n<fieldset  style=\"border: none!important;margin: 0!important;padding: 0!important;background-color: transparent!important;box-shadow: none!important;outline: none!important; min-inline-size: 100%;\">\n<legend class=\"ff_screen_reader_title\" style=\"display: block; margin: 0!important;padding: 0!important;height: 0!important;text-indent: -999999px;width: 0!important;overflow:hidden;\">Contact Form Prodotti<\/legend>\n<p style=\"display: none !important;\" class=\"akismet-fields-container\" data-prefix=\"ak_\"><label>&#916;<textarea name=\"ak_hp_textarea\" cols=\"45\" rows=\"8\" maxlength=\"100\"><\/textarea><\/label><input type=\"hidden\" id=\"ak_js_1\" name=\"ak_js\" value=\"211\"\/><script>document.getElementById( \"ak_js_1\" ).setAttribute( \"value\", ( new Date() ).getTime() );<\/script><\/p>\n<p><input type='hidden' name='__fluent_form_embded_post_id' value='8427' \/><input type=\"hidden\" id=\"_fluentform_1_fluentformnonce\" name=\"_fluentform_1_fluentformnonce\" value=\"17f15d6249\" \/><input type=\"hidden\" name=\"_wp_http_referer\" value=\"\/it\/wp-json\/wp\/v2\/product\/8427\" \/><\/p>\n<div data-type=\"name-element\" data-name=\"names\" class=\" ff-field_container ff-name-field-wrapper\" >\n<div class='ff-t-container'>\n<div class='ff-t-cell '>\n<div class='ff-el-group'>\n<div class=\"ff-el-input--label asterisk-right\"><label for='ff_1_names_first_name_' id='label_ff_1_names_first_name_' >Name<\/label><\/div>\n<div class='ff-el-input--content'><input type=\"text\" name=\"names[first_name]\" id=\"ff_1_names_first_name_\" class=\"ff-el-form-control\" placeholder=\"First Name\" aria-invalid=\"false\" aria-required=false><\/div>\n<\/div>\n<\/div>\n<\/div>\n<\/div>\n<div class='ff-el-group'>\n<div class=\"ff-el-input--label ff-el-is-required asterisk-right\"><label for='ff_1_email' id='label_ff_1_email' aria-label=\"Email\">Email<\/label><\/div>\n<div class='ff-el-input--content'><input type=\"email\" name=\"email\" id=\"ff_1_email\" class=\"ff-el-form-control\" placeholder=\"Email Address\" data-name=\"email\"  aria-invalid=\"false\" aria-required=true><\/div>\n<\/div>\n<div class='ff-el-group'>\n<div class=\"ff-el-input--label ff-el-is-required asterisk-right\"><label for='ff_1_message' id='label_ff_1_message' aria-label=\"Your Message\">Your Message<\/label><\/div>\n<div class='ff-el-input--content'><textarea aria-required=\"true\" aria-labelledby=\"label_ff_1_message\" name=\"message\" id=\"ff_1_message\" class=\"ff-el-form-control\" placeholder=\"Your Message\" rows=\"4\" cols=\"2\" data-name=\"message\" ><\/textarea><\/div>\n<\/div>\n<div class='ff-el-group ff-text-left ff_submit_btn_wrapper'><button type=\"submit\" class=\"ff-btn ff-btn-submit ff-btn-md ff_btn_style\"  aria-label=\"Send\">Send<\/button><\/div>\n<\/fieldset>\n<\/form>\n<div id='fluentform_1_errors' class='ff-errors-in-stack ff_form_instance_1_1 ff-form-loading_errors ff_form_instance_1_1_errors'><\/div>\n<\/div>\n<p>            <script type=\"text\/javascript\">\n                window.fluent_form_ff_form_instance_1_1 = {\"id\":\"1\",\"ajaxUrl\":\"https:\\\/\\\/wisme.eu\\\/wp-admin\\\/admin-ajax.php\",\"settings\":{\"layout\":{\"labelPlacement\":\"top\",\"helpMessagePlacement\":\"with_label\",\"errorMessagePlacement\":\"inline\",\"cssClassName\":\"\",\"asteriskPlacement\":\"asterisk-right\"},\"restrictions\":{\"denyEmptySubmission\":{\"enabled\":false}}},\"form_instance\":\"ff_form_instance_1_1\",\"form_id_selector\":\"fluentform_1\",\"rules\":{\"names[first_name]\":{\"required\":{\"value\":false,\"message\":\"This field is required\",\"global\":false,\"global_message\":\"This field is required\"}},\"names[middle_name]\":{\"required\":{\"value\":false,\"message\":\"This field is required\",\"global\":false,\"global_message\":\"This field is required\"}},\"names[last_name]\":{\"required\":{\"value\":false,\"message\":\"This field is required\",\"global\":false,\"global_message\":\"This field is required\"}},\"email\":{\"required\":{\"value\":true,\"message\":\"This field is required\",\"global\":false,\"global_message\":\"This field is required\"},\"email\":{\"value\":true,\"message\":\"This field must contain a valid email\",\"global\":false,\"global_message\":\"This field must contain a valid email\"}},\"message\":{\"required\":{\"value\":true,\"message\":\"This field is required\",\"global\":false,\"global_message\":\"This field is required\"}}},\"debounce_time\":300};\n                            <\/script><\/p>\n","protected":false},"featured_media":8426,"comment_status":"open","ping_status":"closed","template":"","meta":[],"product_brand":[],"product_cat":[33],"product_tag":[],"class_list":{"0":"post-8427","1":"product","2":"type-product","3":"status-publish","4":"has-post-thumbnail","6":"product_cat-uncategorized","7":"has-post-title","8":"has-post-date","9":"has-post-category","10":"has-post-tag","11":"has-post-comment","12":"has-post-author","13":"","15":"first","16":"instock","17":"shipping-taxable","18":"product-type-simple"},"_links":{"self":[{"href":"https:\/\/wisme.eu\/it\/wp-json\/wp\/v2\/product\/8427","targetHints":{"allow":["GET"]}}],"collection":[{"href":"https:\/\/wisme.eu\/it\/wp-json\/wp\/v2\/product"}],"about":[{"href":"https:\/\/wisme.eu\/it\/wp-json\/wp\/v2\/types\/product"}],"replies":[{"embeddable":true,"href":"https:\/\/wisme.eu\/it\/wp-json\/wp\/v2\/comments?post=8427"}],"version-history":[{"count":1,"href":"https:\/\/wisme.eu\/it\/wp-json\/wp\/v2\/product\/8427\/revisions"}],"predecessor-version":[{"id":15611,"href":"https:\/\/wisme.eu\/it\/wp-json\/wp\/v2\/product\/8427\/revisions\/15611"}],"wp:featuredmedia":[{"embeddable":true,"href":"https:\/\/wisme.eu\/it\/wp-json\/wp\/v2\/media\/8426"}],"wp:attachment":[{"href":"https:\/\/wisme.eu\/it\/wp-json\/wp\/v2\/media?parent=8427"}],"wp:term":[{"taxonomy":"product_brand","embeddable":true,"href":"https:\/\/wisme.eu\/it\/wp-json\/wp\/v2\/product_brand?post=8427"},{"taxonomy":"product_cat","embeddable":true,"href":"https:\/\/wisme.eu\/it\/wp-json\/wp\/v2\/product_cat?post=8427"},{"taxonomy":"product_tag","embeddable":true,"href":"https:\/\/wisme.eu\/it\/wp-json\/wp\/v2\/product_tag?post=8427"}],"curies":[{"name":"wp","href":"https:\/\/api.w.org\/{rel}","templated":true}]}}